{"id":18340,"date":"2017-04-12T14:57:45","date_gmt":"2017-04-12T12:57:45","guid":{"rendered":"http:\/\/contradaguido.it\/la-cucina\/"},"modified":"2017-04-18T12:06:15","modified_gmt":"2017-04-18T10:06:15","slug":"la-cuisine","status":"publish","type":"page","link":"https:\/\/www.contradaguido.it\/fr\/la-cuisine\/","title":{"rendered":"La Cuisine"},"content":{"rendered":"[fusion_builder_container admin_label=\u00a0\u00bb\u00a0\u00bb hundred_percent=\u00a0\u00bbno\u00a0\u00bb equal_height_columns=\u00a0\u00bbno\u00a0\u00bb menu_anchor=\u00a0\u00bb\u00a0\u00bb hide_on_mobile=\u00a0\u00bbsmall-visibility,medium-visibility,large-visibility\u00a0\u00bb class=\u00a0\u00bb\u00a0\u00bb id=\u00a0\u00bb\u00a0\u00bb background_color=\u00a0\u00bb\u00a0\u00bb background_image=\u00a0\u00bb\u00a0\u00bb background_position=\u00a0\u00bbcenter center\u00a0\u00bb background_repeat=\u00a0\u00bbno-repeat\u00a0\u00bb fade=\u00a0\u00bbno\u00a0\u00bb background_parallax=\u00a0\u00bbnone\u00a0\u00bb enable_mobile=\u00a0\u00bbno\u00a0\u00bb parallax_speed=\u00a0\u00bb0.3&Prime; video_mp4=\u00a0\u00bb\u00a0\u00bb video_webm=\u00a0\u00bb\u00a0\u00bb video_ogv=\u00a0\u00bb\u00a0\u00bb video_url=\u00a0\u00bb\u00a0\u00bb video_aspect_ratio=\u00a0\u00bb16:9&Prime; video_loop=\u00a0\u00bbyes\u00a0\u00bb video_mute=\u00a0\u00bbyes\u00a0\u00bb video_preview_image=\u00a0\u00bb\u00a0\u00bb border_size=\u00a0\u00bb\u00a0\u00bb border_color=\u00a0\u00bb\u00a0\u00bb border_style=\u00a0\u00bbsolid\u00a0\u00bb margin_top=\u00a0\u00bb\u00a0\u00bb margin_bottom=\u00a0\u00bb\u00a0\u00bb padding_top=\u00a0\u00bb80px\u00a0\u00bb padding_right=\u00a0\u00bb\u00a0\u00bb padding_bottom=\u00a0\u00bb80px\u00a0\u00bb padding_left=\u00a0\u00bb\u00a0\u00bb][fusion_builder_row][fusion_builder_column type=\u00a0\u00bb1_1&Prime; layout=\u00a0\u00bb1_1&Prime; spacing=\u00a0\u00bbyes\u00a0\u00bb center_content=\u00a0\u00bbno\u00a0\u00bb hover_type=\u00a0\u00bbnone\u00a0\u00bb link=\u00a0\u00bb\u00a0\u00bb min_height=\u00a0\u00bb\u00a0\u00bb hide_on_mobile=\u00a0\u00bbsmall-visibility,medium-visibility,large-visibility\u00a0\u00bb class=\u00a0\u00bb\u00a0\u00bb id=\u00a0\u00bb\u00a0\u00bb background_color=\u00a0\u00bb\u00a0\u00bb background_image=\u00a0\u00bb\u00a0\u00bb background_position=\u00a0\u00bbleft top\u00a0\u00bb undefined=\u00a0\u00bb\u00a0\u00bb background_repeat=\u00a0\u00bbno-repeat\u00a0\u00bb border_size=\u00a0\u00bb0&Prime; border_color=\u00a0\u00bb\u00a0\u00bb border_style=\u00a0\u00bbsolid\u00a0\u00bb border_position=\u00a0\u00bball\u00a0\u00bb padding=\u00a0\u00bb\u00a0\u00bb margin_top=\u00a0\u00bb\u00a0\u00bb margin_bottom=\u00a0\u00bb\u00a0\u00bb animation_type=\u00a0\u00bb\u00a0\u00bb animation_direction=\u00a0\u00bbleft\u00a0\u00bb animation_speed=\u00a0\u00bb0.3&Prime; animation_offset=\u00a0\u00bb\u00a0\u00bb last=\u00a0\u00bbno\u00a0\u00bb][fusion_title margin_top=\u00a0\u00bb\u00a0\u00bb margin_bottom=\u00a0\u00bb\u00a0\u00bb hide_on_mobile=\u00a0\u00bbsmall-visibility,medium-visibility,large-visibility\u00a0\u00bb class=\u00a0\u00bb\u00a0\u00bb id=\u00a0\u00bb\u00a0\u00bb size=\u00a0\u00bb2&Prime; content_align=\u00a0\u00bbcenter\u00a0\u00bb style_type=\u00a0\u00bbnone\u00a0\u00bb sep_color=\u00a0\u00bb\u00a0\u00bb]\n<p><span id=\"result_box\" class=\"short_text\" lang=\"fr\" tabindex=\"-1\"><span class=\"\">Les<\/span> saveurs traditionnelles<\/span><\/p>\n[\/fusion_title][fusion_separator style_type=\u00a0\u00bbsingle solid\u00a0\u00bb hide_on_mobile=\u00a0\u00bbsmall-visibility,medium-visibility,large-visibility\u00a0\u00bb class=\u00a0\u00bb\u00a0\u00bb id=\u00a0\u00bb\u00a0\u00bb sep_color=\u00a0\u00bb#89a79f\u00a0\u00bb top_margin=\u00a0\u00bb\u00a0\u00bb bottom_margin=\u00a0\u00bb40&Prime; border_size=\u00a0\u00bb3&Prime; icon=\u00a0\u00bb\u00a0\u00bb icon_circle=\u00a0\u00bb\u00a0\u00bb icon_circle_color=\u00a0\u00bb\u00a0\u00bb width=\u00a0\u00bb175px\u00a0\u00bb alignment=\u00a0\u00bbcenter\u00a0\u00bb \/][fusion_text]\n<p style=\"text-align: center;\">Les sp\u00e9cialit\u00e9s de notre cuisine sont les \u00e9laborations culinaires calabraises et m\u00e9diterran\u00e9ennes typiques, r\u00e9alis\u00e9es \u00e0 la maison.<\/p>\n<p style=\"text-align: center;\">Nous consacrons une attention particuli\u00e8re au territoire afin d&rsquo;en sentir les go\u00fbts et les parfums dans nos plats. De mani\u00e8re particuli\u00e8re nous privil\u00e9gions les mets dans lequel nous utilisons les produits cultiv\u00e9s \u00e0 l&rsquo;int\u00e9rieur de nos terres ou s\u00e9lectionn\u00e9s chez nos fournisseurs locaux, comme par exemple les l\u00e9gumes, la charcuterie ou encore les agrumes ou les conserves. Des ingr\u00e9dients de premi\u00e8re qualit\u00e9 et une disponibilit\u00e9 maximum pour les exigences de nos h\u00f4tes. La cuisine de Contrada Guido sera \u00e0 vostre disposition \u00e0 n&rsquo;importe quel moment.<\/p>\n<p style=\"text-align: center;\">La structure dispose d&rsquo;une cave avec une bonne s\u00e9lection de vins locaux et nationaux.<\/p>\n[\/fusion_text][\/fusion_builder_column][\/fusion_builder_row][\/fusion_builder_container][fusion_builder_container admin_label=\u00a0\u00bb\u00a0\u00bb hundred_percent=\u00a0\u00bbno\u00a0\u00bb equal_height_columns=\u00a0\u00bbyes\u00a0\u00bb menu_anchor=\u00a0\u00bb\u00a0\u00bb hide_on_mobile=\u00a0\u00bbsmall-visibility,medium-visibility,large-visibility\u00a0\u00bb class=\u00a0\u00bb\u00a0\u00bb id=\u00a0\u00bb\u00a0\u00bb background_color=\u00a0\u00bb#f7f7f7&Prime; background_image=\u00a0\u00bb\u00a0\u00bb background_position=\u00a0\u00bbcenter center\u00a0\u00bb background_repeat=\u00a0\u00bbno-repeat\u00a0\u00bb fade=\u00a0\u00bbno\u00a0\u00bb background_parallax=\u00a0\u00bbnone\u00a0\u00bb enable_mobile=\u00a0\u00bbno\u00a0\u00bb parallax_speed=\u00a0\u00bb0.3&Prime; video_mp4=\u00a0\u00bb\u00a0\u00bb video_webm=\u00a0\u00bb\u00a0\u00bb video_ogv=\u00a0\u00bb\u00a0\u00bb video_url=\u00a0\u00bb\u00a0\u00bb video_aspect_ratio=\u00a0\u00bb16:9&Prime; video_loop=\u00a0\u00bbyes\u00a0\u00bb video_mute=\u00a0\u00bbyes\u00a0\u00bb video_preview_image=\u00a0\u00bb\u00a0\u00bb border_size=\u00a0\u00bb\u00a0\u00bb border_color=\u00a0\u00bb\u00a0\u00bb border_style=\u00a0\u00bbsolid\u00a0\u00bb margin_top=\u00a0\u00bb0px\u00a0\u00bb margin_bottom=\u00a0\u00bb0px\u00a0\u00bb padding_top=\u00a0\u00bb80px\u00a0\u00bb padding_right=\u00a0\u00bb0px\u00a0\u00bb padding_bottom=\u00a0\u00bb80px\u00a0\u00bb padding_left=\u00a0\u00bb0px\u00a0\u00bb][fusion_builder_row][fusion_builder_column type=\u00a0\u00bb1_1&Prime; layout=\u00a0\u00bb1_1&Prime; spacing=\u00a0\u00bbyes\u00a0\u00bb center_content=\u00a0\u00bbno\u00a0\u00bb hover_type=\u00a0\u00bbnone\u00a0\u00bb link=\u00a0\u00bb\u00a0\u00bb min_height=\u00a0\u00bb\u00a0\u00bb hide_on_mobile=\u00a0\u00bbsmall-visibility,medium-visibility,large-visibility\u00a0\u00bb class=\u00a0\u00bb\u00a0\u00bb id=\u00a0\u00bb\u00a0\u00bb background_color=\u00a0\u00bb\u00a0\u00bb background_image=\u00a0\u00bb\u00a0\u00bb background_position=\u00a0\u00bbleft top\u00a0\u00bb undefined=\u00a0\u00bb\u00a0\u00bb background_repeat=\u00a0\u00bbno-repeat\u00a0\u00bb border_size=\u00a0\u00bb0&Prime; border_color=\u00a0\u00bb\u00a0\u00bb border_style=\u00a0\u00bbsolid\u00a0\u00bb border_position=\u00a0\u00bball\u00a0\u00bb padding=\u00a0\u00bb\u00a0\u00bb margin_top=\u00a0\u00bb\u00a0\u00bb margin_bottom=\u00a0\u00bb\u00a0\u00bb animation_type=\u00a0\u00bb\u00a0\u00bb animation_direction=\u00a0\u00bbleft\u00a0\u00bb animation_speed=\u00a0\u00bb0.3&Prime; animation_offset=\u00a0\u00bb\u00a0\u00bb last=\u00a0\u00bbno\u00a0\u00bb][fusion_code]<div class=\"vls-gf-gallery vls-gf-58 vls-gf-style-light vls-gf-style-none\" data-vls-gf-layout='{\"layout_type\":\"metro\",\"column_count\":4,\"column_count_xs\":1,\"aspect_ratio\":1,\"horizontal_spacing\":12,\"vertical_spacing\":12,\"align_bottom\":false,\"pagination_type\":\"none\",\"page_size\":0}' data-vls-gf-settings='{\"pagination_type\":\"none\"}'><style type=\"text\/css\">.vls-gf-58 figure a{display:block;position:absolute;top:0;bottom:0;left:0;right:0;opacity:0;z-index:90;}.vls-gf-58 figure .vls-gf-overlay{position:absolute;background-color:rgba(255, 255, 255, 0.3);left:0;right:0;top:0;bottom:0;opacity:0;z-index:10;transition:opacity 600ms ease;}.vls-gf-58 figure:hover .vls-gf-overlay{opacity:1;}<\/style><div class=\"vls-gf-container\"><figure class=\"vls-gf-59 vls-gf-init vls-gf-lazy\" data-vls-gf-thumbnail-width=\"800\" data-vls-gf-thumbnail-height=\"573\"><a class=\"vls-gf-main\" href=\"http:\/\/contradaguido.it\/wp-content\/gf-uploads\/2017\/04\/09.jpg\" data-caption=\"09\" data-description=\"\"><\/a><div class=\"vls-gf-img\"><img data-src=\"http:\/\/contradaguido.it\/wp-content\/gf-uploads\/2017\/04\/preview-m\/09-0.jpg?t=1492008976\" title=\"09\"\/><\/div><div class=\"vls-gf-overlay\"><\/div><\/figure><figure class=\"vls-gf-60 vls-gf-init vls-gf-lazy\" data-vls-gf-thumbnail-width=\"800\" data-vls-gf-thumbnail-height=\"531\"><a class=\"vls-gf-main\" href=\"http:\/\/contradaguido.it\/wp-content\/gf-uploads\/2017\/04\/agrumeto-2.jpg\" data-caption=\"agrumeto-2\" data-description=\"\"><\/a><div class=\"vls-gf-img\"><img data-src=\"http:\/\/contradaguido.it\/wp-content\/gf-uploads\/2017\/04\/preview-m\/agrumeto-2-0.jpg?t=1492008989\" title=\"agrumeto-2\"\/><\/div><div class=\"vls-gf-overlay\"><\/div><\/figure><figure class=\"vls-gf-61 vls-gf-init vls-gf-lazy\" data-vls-gf-thumbnail-width=\"800\" data-vls-gf-thumbnail-height=\"531\"><a class=\"vls-gf-main\" href=\"http:\/\/contradaguido.it\/wp-content\/gf-uploads\/2017\/04\/arnie-2.jpg\" data-caption=\"arnie-2\" data-description=\"\"><\/a><div class=\"vls-gf-img\"><img data-src=\"http:\/\/contradaguido.it\/wp-content\/gf-uploads\/2017\/04\/preview-m\/arnie-2-0.jpg?t=1492009004\" title=\"arnie-2\"\/><\/div><div class=\"vls-gf-overlay\"><\/div><\/figure><figure class=\"vls-gf-62 vls-gf-init vls-gf-lazy\" data-vls-gf-thumbnail-width=\"800\" data-vls-gf-thumbnail-height=\"600\"><a class=\"vls-gf-main\" href=\"http:\/\/contradaguido.it\/wp-content\/gf-uploads\/2017\/04\/finocchietto-e-nduja-18.jpg\" data-caption=\"finocchietto-e-nduja-18\" data-description=\"\"><\/a><div class=\"vls-gf-img\"><img data-src=\"http:\/\/contradaguido.it\/wp-content\/gf-uploads\/2017\/04\/preview-m\/finocchietto-e-nduja-18-0.jpg?t=1492009021\" title=\"finocchietto-e-nduja-18\"\/><\/div><div class=\"vls-gf-overlay\"><\/div><\/figure><figure class=\"vls-gf-63 vls-gf-init vls-gf-lazy\" data-vls-gf-thumbnail-width=\"533\" data-vls-gf-thumbnail-height=\"800\"><a class=\"vls-gf-main\" href=\"http:\/\/contradaguido.it\/wp-content\/gf-uploads\/2017\/04\/Marmellata-di-arance-01.jpg\" data-caption=\"Marmellata-di-arance-01\" data-description=\"\"><\/a><div class=\"vls-gf-img\"><img data-src=\"http:\/\/contradaguido.it\/wp-content\/gf-uploads\/2017\/04\/preview-m\/Marmellata-di-arance-01-0.jpg?t=1492009030\" title=\"Marmellata-di-arance-01\"\/><\/div><div class=\"vls-gf-overlay\"><\/div><\/figure><figure class=\"vls-gf-64 vls-gf-init vls-gf-lazy\" data-vls-gf-thumbnail-width=\"800\" data-vls-gf-thumbnail-height=\"533\"><a class=\"vls-gf-main\" href=\"http:\/\/contradaguido.it\/wp-content\/gf-uploads\/2017\/04\/marmellata-di-arance-2.jpg\" data-caption=\"marmellata-di-arance-2\" data-description=\"\"><\/a><div class=\"vls-gf-img\"><img data-src=\"http:\/\/contradaguido.it\/wp-content\/gf-uploads\/2017\/04\/preview-m\/marmellata-di-arance-2-0.jpg?t=1492009047\" title=\"marmellata-di-arance-2\"\/><\/div><div class=\"vls-gf-overlay\"><\/div><\/figure><figure class=\"vls-gf-65 vls-gf-init vls-gf-lazy\" data-vls-gf-thumbnail-width=\"800\" data-vls-gf-thumbnail-height=\"421\"><a class=\"vls-gf-main\" href=\"http:\/\/contradaguido.it\/wp-content\/gf-uploads\/2017\/04\/miele.jpg\" data-caption=\"miele\" data-description=\"\"><\/a><div class=\"vls-gf-img\"><img data-src=\"http:\/\/contradaguido.it\/wp-content\/gf-uploads\/2017\/04\/preview-m\/miele-0.jpg?t=1492009054\" title=\"miele\"\/><\/div><div class=\"vls-gf-overlay\"><\/div><\/figure><figure class=\"vls-gf-66 vls-gf-init vls-gf-lazy\" data-vls-gf-thumbnail-width=\"800\" data-vls-gf-thumbnail-height=\"533\"><a class=\"vls-gf-main\" href=\"http:\/\/contradaguido.it\/wp-content\/gf-uploads\/2017\/04\/olio-1.jpg\" data-caption=\"olio-1\" data-description=\"\"><\/a><div class=\"vls-gf-img\"><img data-src=\"http:\/\/contradaguido.it\/wp-content\/gf-uploads\/2017\/04\/preview-m\/olio-1-0.jpg?t=1492009065\" title=\"olio-1\"\/><\/div><div class=\"vls-gf-overlay\"><\/div><\/figure><figure class=\"vls-gf-67 vls-gf-init vls-gf-lazy\" data-vls-gf-thumbnail-width=\"800\" data-vls-gf-thumbnail-height=\"724\"><a class=\"vls-gf-main\" href=\"http:\/\/contradaguido.it\/wp-content\/gf-uploads\/2017\/04\/olio-2.jpg\" data-caption=\"olio-2\" data-description=\"\"><\/a><div class=\"vls-gf-img\"><img data-src=\"http:\/\/contradaguido.it\/wp-content\/gf-uploads\/2017\/04\/preview-m\/olio-2-0.jpg?t=1492009075\" title=\"olio-2\"\/><\/div><div class=\"vls-gf-overlay\"><\/div><\/figure><figure class=\"vls-gf-68 vls-gf-init vls-gf-lazy\" data-vls-gf-thumbnail-width=\"274\" data-vls-gf-thumbnail-height=\"184\"><a class=\"vls-gf-main\" href=\"http:\/\/contradaguido.it\/wp-content\/gf-uploads\/2017\/04\/olive.jpg\" data-caption=\"olive\" data-description=\"\"><\/a><div class=\"vls-gf-img\"><img data-src=\"http:\/\/contradaguido.it\/wp-content\/gf-uploads\/2017\/04\/preview-m\/olive-0.jpg?t=1492009078\" title=\"olive\"\/><\/div><div class=\"vls-gf-overlay\"><\/div><\/figure><figure class=\"vls-gf-69 vls-gf-init vls-gf-lazy\" data-vls-gf-thumbnail-width=\"800\" data-vls-gf-thumbnail-height=\"600\"><a class=\"vls-gf-main\" href=\"http:\/\/contradaguido.it\/wp-content\/gf-uploads\/2017\/04\/peperoncino-2.jpg\" data-caption=\"peperoncino-2\" data-description=\"\"><\/a><div class=\"vls-gf-img\"><img data-src=\"http:\/\/contradaguido.it\/wp-content\/gf-uploads\/2017\/04\/preview-m\/peperoncino-2-0.jpg?t=1492009088\" title=\"peperoncino-2\"\/><\/div><div class=\"vls-gf-overlay\"><\/div><\/figure><figure class=\"vls-gf-70 vls-gf-init vls-gf-lazy\" data-vls-gf-thumbnail-width=\"565\" data-vls-gf-thumbnail-height=\"541\"><a class=\"vls-gf-main\" href=\"http:\/\/contradaguido.it\/wp-content\/gf-uploads\/2017\/04\/peperoncino.jpg\" data-caption=\"peperoncino\" data-description=\"\"><\/a><div class=\"vls-gf-img\"><img data-src=\"http:\/\/contradaguido.it\/wp-content\/gf-uploads\/2017\/04\/preview-m\/peperoncino-0.jpg?t=1492009094\" title=\"peperoncino\"\/><\/div><div class=\"vls-gf-overlay\"><\/div><\/figure><figure class=\"vls-gf-71 vls-gf-init vls-gf-lazy\" data-vls-gf-thumbnail-width=\"800\" data-vls-gf-thumbnail-height=\"450\"><a class=\"vls-gf-main\" href=\"http:\/\/contradaguido.it\/wp-content\/gf-uploads\/2017\/04\/ristorante-interno.jpg\" data-caption=\"ristorante-interno\" data-description=\"\"><\/a><div class=\"vls-gf-img\"><img data-src=\"http:\/\/contradaguido.it\/wp-content\/gf-uploads\/2017\/04\/preview-m\/ristorante-interno-0.jpg?t=1492009117\" title=\"ristorante-interno\"\/><\/div><div class=\"vls-gf-overlay\"><\/div><\/figure><figure class=\"vls-gf-72 vls-gf-init vls-gf-lazy\" data-vls-gf-thumbnail-width=\"800\" data-vls-gf-thumbnail-height=\"450\"><a class=\"vls-gf-main\" href=\"http:\/\/contradaguido.it\/wp-content\/gf-uploads\/2017\/04\/ristoranye-esterno-2-1.jpg\" data-caption=\"ristoranye-esterno-2-1\" data-description=\"\"><\/a><div class=\"vls-gf-img\"><img data-src=\"http:\/\/contradaguido.it\/wp-content\/gf-uploads\/2017\/04\/preview-m\/ristoranye-esterno-2-1-0.jpg?t=1492009139\" title=\"ristoranye-esterno-2-1\"\/><\/div><div class=\"vls-gf-overlay\"><\/div><\/figure><figure class=\"vls-gf-73 vls-gf-init vls-gf-lazy\" data-vls-gf-thumbnail-width=\"640\" data-vls-gf-thumbnail-height=\"479\"><a class=\"vls-gf-main\" href=\"http:\/\/contradaguido.it\/wp-content\/gf-uploads\/2017\/04\/scilatelle.jpg\" data-caption=\"scilatelle\" data-description=\"\"><\/a><div class=\"vls-gf-img\"><img data-src=\"http:\/\/contradaguido.it\/wp-content\/gf-uploads\/2017\/04\/preview-m\/scilatelle-0.jpg?t=1492009147\" title=\"scilatelle\"\/><\/div><div class=\"vls-gf-overlay\"><\/div><\/figure><figure class=\"vls-gf-74 vls-gf-init vls-gf-lazy\" data-vls-gf-thumbnail-width=\"800\" data-vls-gf-thumbnail-height=\"514\"><a class=\"vls-gf-main\" href=\"http:\/\/contradaguido.it\/wp-content\/gf-uploads\/2017\/04\/soppressata.jpg\" data-caption=\"soppressata\" data-description=\"\"><\/a><div class=\"vls-gf-img\"><img data-src=\"http:\/\/contradaguido.it\/wp-content\/gf-uploads\/2017\/04\/preview-m\/soppressata-0.jpg?t=1492009155\" title=\"soppressata\"\/><\/div><div class=\"vls-gf-overlay\"><\/div><\/figure><\/div><\/div>[\/fusion_code][\/fusion_builder_column][\/fusion_builder_row][\/fusion_builder_container]\n","protected":false},"excerpt":{"rendered":"<p>[fusion_builder_container admin_label=\u00a0\u00bb\u00a0\u00bb hundred_percent=\u00a0\u00bbno\u00a0\u00bb equal_height_columns=\u00a0\u00bbno\u00a0\u00bb menu_anchor=\u00a0\u00bb\u00a0\u00bb hide_on_mobile=\u00a0\u00bbsmall-visibility,medium-visibility,large-visibility\u00a0\u00bb class=\u00a0\u00bb\u00a0\u00bb id=\u00a0\u00bb\u00a0\u00bb background_color=\u00a0\u00bb\u00a0\u00bb background_image=\u00a0\u00bb\u00a0\u00bb background_position=\u00a0\u00bbcenter center\u00a0\u00bb background_repeat=\u00a0\u00bbno-repeat\u00a0\u00bb fade=\u00a0\u00bbno\u00a0\u00bb background_parallax=\u00a0\u00bbnone\u00a0\u00bb enable_mobile=\u00a0\u00bbno\u00a0\u00bb parallax_speed=\u00a0\u00bb0.3&Prime; video_mp4=\u00a0\u00bb\u00a0\u00bb video_webm=\u00a0\u00bb\u00a0\u00bb video_ogv=\u00a0\u00bb\u00a0\u00bb video_url=\u00a0\u00bb\u00a0\u00bb video_aspect_ratio=\u00a0\u00bb16:9&Prime; video_loop=\u00a0\u00bbyes\u00a0\u00bb video_mute=\u00a0\u00bbyes\u00a0\u00bb video_preview_image=\u00a0\u00bb\u00a0\u00bb border_size=\u00a0\u00bb\u00a0\u00bb border_color=\u00a0\u00bb\u00a0\u00bb border_style=\u00a0\u00bbsolid\u00a0\u00bb margin_top=\u00a0\u00bb\u00a0\u00bb margin_bottom=\u00a0\u00bb\u00a0\u00bb&#8230;<\/p>\n","protected":false},"author":1,"featured_media":0,"parent":0,"menu_order":0,"comment_status":"closed","ping_status":"closed","template":"","meta":{"footnotes":""},"class_list":["post-18340","page","type-page","status-publish"],"yoast_head":"<!-- This site is optimized with the Yoast SEO plugin v27.6 - https:\/\/yoast.com\/product\/yoast-seo-wordpress\/ -->\n<title>La Cuisine | Agriturismo Contrada Guido<\/title>\n<meta name=\"description\" content=\"Le specialit\u00e0 della cucina proposte da Contrada Guido sono le tipiche elaborazioni culinarie calabresi e mediterranee, preparate interamente in casa.\" \/>\n<meta name=\"robots\" content=\"index, follow, max-snippet:-1, max-image-preview:large, max-video-preview:-1\" \/>\n<link rel=\"canonical\" href=\"https:\/\/www.contradaguido.it\/fr\/la-cuisine\/\" \/>\n<meta property=\"og:locale\" content=\"fr_FR\" \/>\n<meta property=\"og:type\" content=\"article\" \/>\n<meta property=\"og:title\" content=\"La Cuisine | Agriturismo Contrada Guido\" \/>\n<meta property=\"og:description\" content=\"Le specialit\u00e0 della cucina proposte da Contrada Guido sono le tipiche elaborazioni culinarie calabresi e mediterranee, preparate interamente in casa.\" \/>\n<meta property=\"og:url\" content=\"https:\/\/www.contradaguido.it\/fr\/la-cuisine\/\" \/>\n<meta property=\"og:site_name\" content=\"Residenza Contrada Guido\" \/>\n<meta property=\"article:modified_time\" content=\"2017-04-18T10:06:15+00:00\" \/>\n<meta name=\"twitter:card\" content=\"summary_large_image\" \/>\n<meta name=\"twitter:label1\" content=\"Dur\u00e9e de lecture estim\u00e9e\" \/>\n\t<meta name=\"twitter:data1\" content=\"3 minutes\" \/>\n<script type=\"application\/ld+json\" class=\"yoast-schema-graph\">{\"@context\":\"https:\\\/\\\/schema.org\",\"@graph\":[{\"@type\":\"WebPage\",\"@id\":\"https:\\\/\\\/www.contradaguido.it\\\/fr\\\/la-cuisine\\\/\",\"url\":\"https:\\\/\\\/www.contradaguido.it\\\/fr\\\/la-cuisine\\\/\",\"name\":\"La Cuisine | Agriturismo Contrada Guido\",\"isPartOf\":{\"@id\":\"https:\\\/\\\/www.contradaguido.it\\\/en\\\/#website\"},\"datePublished\":\"2017-04-12T12:57:45+00:00\",\"dateModified\":\"2017-04-18T10:06:15+00:00\",\"description\":\"Le specialit\u00e0 della cucina proposte da Contrada Guido sono le tipiche elaborazioni culinarie calabresi e mediterranee, preparate interamente in casa.\",\"breadcrumb\":{\"@id\":\"https:\\\/\\\/www.contradaguido.it\\\/fr\\\/la-cuisine\\\/#breadcrumb\"},\"inLanguage\":\"fr-FR\",\"potentialAction\":[{\"@type\":\"ReadAction\",\"target\":[\"https:\\\/\\\/www.contradaguido.it\\\/fr\\\/la-cuisine\\\/\"]}]},{\"@type\":\"BreadcrumbList\",\"@id\":\"https:\\\/\\\/www.contradaguido.it\\\/fr\\\/la-cuisine\\\/#breadcrumb\",\"itemListElement\":[{\"@type\":\"ListItem\",\"position\":1,\"name\":\"Home\",\"item\":\"https:\\\/\\\/www.contradaguido.it\\\/fr\\\/\"},{\"@type\":\"ListItem\",\"position\":2,\"name\":\"La Cuisine\"}]},{\"@type\":\"WebSite\",\"@id\":\"https:\\\/\\\/www.contradaguido.it\\\/en\\\/#website\",\"url\":\"https:\\\/\\\/www.contradaguido.it\\\/en\\\/\",\"name\":\"Residenza Contrada Guido\",\"description\":\"\",\"potentialAction\":[{\"@type\":\"SearchAction\",\"target\":{\"@type\":\"EntryPoint\",\"urlTemplate\":\"https:\\\/\\\/www.contradaguido.it\\\/en\\\/?s={search_term_string}\"},\"query-input\":{\"@type\":\"PropertyValueSpecification\",\"valueRequired\":true,\"valueName\":\"search_term_string\"}}],\"inLanguage\":\"fr-FR\"}]}<\/script>\n<!-- \/ Yoast SEO plugin. -->","yoast_head_json":{"title":"La Cuisine | Agriturismo Contrada Guido","description":"Le specialit\u00e0 della cucina proposte da Contrada Guido sono le tipiche elaborazioni culinarie calabresi e mediterranee, preparate interamente in casa.","robots":{"index":"index","follow":"follow","max-snippet":"max-snippet:-1","max-image-preview":"max-image-preview:large","max-video-preview":"max-video-preview:-1"},"canonical":"https:\/\/www.contradaguido.it\/fr\/la-cuisine\/","og_locale":"fr_FR","og_type":"article","og_title":"La Cuisine | Agriturismo Contrada Guido","og_description":"Le specialit\u00e0 della cucina proposte da Contrada Guido sono le tipiche elaborazioni culinarie calabresi e mediterranee, preparate interamente in casa.","og_url":"https:\/\/www.contradaguido.it\/fr\/la-cuisine\/","og_site_name":"Residenza Contrada Guido","article_modified_time":"2017-04-18T10:06:15+00:00","twitter_card":"summary_large_image","twitter_misc":{"Dur\u00e9e de lecture estim\u00e9e":"3 minutes"},"schema":{"@context":"https:\/\/schema.org","@graph":[{"@type":"WebPage","@id":"https:\/\/www.contradaguido.it\/fr\/la-cuisine\/","url":"https:\/\/www.contradaguido.it\/fr\/la-cuisine\/","name":"La Cuisine | Agriturismo Contrada Guido","isPartOf":{"@id":"https:\/\/www.contradaguido.it\/en\/#website"},"datePublished":"2017-04-12T12:57:45+00:00","dateModified":"2017-04-18T10:06:15+00:00","description":"Le specialit\u00e0 della cucina proposte da Contrada Guido sono le tipiche elaborazioni culinarie calabresi e mediterranee, preparate interamente in casa.","breadcrumb":{"@id":"https:\/\/www.contradaguido.it\/fr\/la-cuisine\/#breadcrumb"},"inLanguage":"fr-FR","potentialAction":[{"@type":"ReadAction","target":["https:\/\/www.contradaguido.it\/fr\/la-cuisine\/"]}]},{"@type":"BreadcrumbList","@id":"https:\/\/www.contradaguido.it\/fr\/la-cuisine\/#breadcrumb","itemListElement":[{"@type":"ListItem","position":1,"name":"Home","item":"https:\/\/www.contradaguido.it\/fr\/"},{"@type":"ListItem","position":2,"name":"La Cuisine"}]},{"@type":"WebSite","@id":"https:\/\/www.contradaguido.it\/en\/#website","url":"https:\/\/www.contradaguido.it\/en\/","name":"Residenza Contrada Guido","description":"","potentialAction":[{"@type":"SearchAction","target":{"@type":"EntryPoint","urlTemplate":"https:\/\/www.contradaguido.it\/en\/?s={search_term_string}"},"query-input":{"@type":"PropertyValueSpecification","valueRequired":true,"valueName":"search_term_string"}}],"inLanguage":"fr-FR"}]}},"_links":{"self":[{"href":"https:\/\/www.contradaguido.it\/fr\/wp-json\/wp\/v2\/pages\/18340","targetHints":{"allow":["GET"]}}],"collection":[{"href":"https:\/\/www.contradaguido.it\/fr\/wp-json\/wp\/v2\/pages"}],"about":[{"href":"https:\/\/www.contradaguido.it\/fr\/wp-json\/wp\/v2\/types\/page"}],"author":[{"embeddable":true,"href":"https:\/\/www.contradaguido.it\/fr\/wp-json\/wp\/v2\/users\/1"}],"replies":[{"embeddable":true,"href":"https:\/\/www.contradaguido.it\/fr\/wp-json\/wp\/v2\/comments?post=18340"}],"version-history":[{"count":0,"href":"https:\/\/www.contradaguido.it\/fr\/wp-json\/wp\/v2\/pages\/18340\/revisions"}],"wp:attachment":[{"href":"https:\/\/www.contradaguido.it\/fr\/wp-json\/wp\/v2\/media?parent=18340"}],"curies":[{"name":"wp","href":"https:\/\/api.w.org\/{rel}","templated":true}]}}