{"id":18324,"date":"2017-04-12T15:20:38","date_gmt":"2017-04-12T13:20:38","guid":{"rendered":"http:\/\/contradaguido.it\/la-ferme-auberge\/le-nostre-stanze\/"},"modified":"2020-07-02T10:44:15","modified_gmt":"2020-07-02T08:44:15","slug":"les-chambres","status":"publish","type":"page","link":"https:\/\/www.contradaguido.it\/fr\/la-ferme-auberge\/les-chambres\/","title":{"rendered":"Les Chambres"},"content":{"rendered":"[fusion_builder_container admin_label=\u00a0\u00bb\u00a0\u00bb hundred_percent=\u00a0\u00bbno\u00a0\u00bb equal_height_columns=\u00a0\u00bbno\u00a0\u00bb menu_anchor=\u00a0\u00bb\u00a0\u00bb hide_on_mobile=\u00a0\u00bbsmall-visibility,medium-visibility,large-visibility\u00a0\u00bb class=\u00a0\u00bb\u00a0\u00bb id=\u00a0\u00bb\u00a0\u00bb background_color=\u00a0\u00bb\u00a0\u00bb background_image=\u00a0\u00bb\u00a0\u00bb background_position=\u00a0\u00bbcenter center\u00a0\u00bb background_repeat=\u00a0\u00bbno-repeat\u00a0\u00bb fade=\u00a0\u00bbno\u00a0\u00bb background_parallax=\u00a0\u00bbnone\u00a0\u00bb enable_mobile=\u00a0\u00bbno\u00a0\u00bb parallax_speed=\u00a0\u00bb0.3&Prime; video_mp4=\u00a0\u00bb\u00a0\u00bb video_webm=\u00a0\u00bb\u00a0\u00bb video_ogv=\u00a0\u00bb\u00a0\u00bb video_url=\u00a0\u00bb\u00a0\u00bb video_aspect_ratio=\u00a0\u00bb16:9&Prime; video_loop=\u00a0\u00bbyes\u00a0\u00bb video_mute=\u00a0\u00bbyes\u00a0\u00bb video_preview_image=\u00a0\u00bb\u00a0\u00bb border_size=\u00a0\u00bb\u00a0\u00bb border_color=\u00a0\u00bb\u00a0\u00bb border_style=\u00a0\u00bbsolid\u00a0\u00bb margin_top=\u00a0\u00bb\u00a0\u00bb margin_bottom=\u00a0\u00bb\u00a0\u00bb padding_top=\u00a0\u00bb80px\u00a0\u00bb padding_right=\u00a0\u00bb\u00a0\u00bb padding_bottom=\u00a0\u00bb80px\u00a0\u00bb padding_left=\u00a0\u00bb\u00a0\u00bb][fusion_builder_row][fusion_builder_column type=\u00a0\u00bb1_1&Prime; layout=\u00a0\u00bb1_1&Prime; spacing=\u00a0\u00bbyes\u00a0\u00bb center_content=\u00a0\u00bbno\u00a0\u00bb hover_type=\u00a0\u00bbnone\u00a0\u00bb link=\u00a0\u00bb\u00a0\u00bb min_height=\u00a0\u00bb\u00a0\u00bb hide_on_mobile=\u00a0\u00bbsmall-visibility,medium-visibility,large-visibility\u00a0\u00bb class=\u00a0\u00bb\u00a0\u00bb id=\u00a0\u00bb\u00a0\u00bb background_color=\u00a0\u00bb\u00a0\u00bb background_image=\u00a0\u00bb\u00a0\u00bb background_position=\u00a0\u00bbleft top\u00a0\u00bb undefined=\u00a0\u00bb\u00a0\u00bb background_repeat=\u00a0\u00bbno-repeat\u00a0\u00bb border_size=\u00a0\u00bb0&Prime; border_color=\u00a0\u00bb\u00a0\u00bb border_style=\u00a0\u00bbsolid\u00a0\u00bb border_position=\u00a0\u00bball\u00a0\u00bb padding=\u00a0\u00bb\u00a0\u00bb margin_top=\u00a0\u00bb\u00a0\u00bb margin_bottom=\u00a0\u00bb\u00a0\u00bb animation_type=\u00a0\u00bb\u00a0\u00bb animation_direction=\u00a0\u00bbleft\u00a0\u00bb animation_speed=\u00a0\u00bb0.3&Prime; animation_offset=\u00a0\u00bb\u00a0\u00bb last=\u00a0\u00bbno\u00a0\u00bb][fusion_title margin_top=\u00a0\u00bb\u00a0\u00bb margin_bottom=\u00a0\u00bb\u00a0\u00bb hide_on_mobile=\u00a0\u00bbsmall-visibility,medium-visibility,large-visibility\u00a0\u00bb class=\u00a0\u00bb\u00a0\u00bb id=\u00a0\u00bb\u00a0\u00bb size=\u00a0\u00bb2&Prime; content_align=\u00a0\u00bbcenter\u00a0\u00bb style_type=\u00a0\u00bbnone\u00a0\u00bb sep_color=\u00a0\u00bb\u00a0\u00bb]\n<p>Les chambres et le parc \u00e0 votre disposition<\/p>\n[\/fusion_title][fusion_separator style_type=\u00a0\u00bbsingle solid\u00a0\u00bb hide_on_mobile=\u00a0\u00bbsmall-visibility,medium-visibility,large-visibility\u00a0\u00bb class=\u00a0\u00bb\u00a0\u00bb id=\u00a0\u00bb\u00a0\u00bb sep_color=\u00a0\u00bb#89a79f\u00a0\u00bb top_margin=\u00a0\u00bb\u00a0\u00bb bottom_margin=\u00a0\u00bb40&Prime; border_size=\u00a0\u00bb3&Prime; icon=\u00a0\u00bb\u00a0\u00bb icon_circle=\u00a0\u00bb\u00a0\u00bb icon_circle_color=\u00a0\u00bb\u00a0\u00bb width=\u00a0\u00bb175px\u00a0\u00bb alignment=\u00a0\u00bbcenter\u00a0\u00bb \/][fusion_text]\n<div class=\"fusion-title title fusion-sep-none fusion-title-center fusion-title-size-two fusion-border-below-title\">\n<p><strong>La r\u00e9sidence propose trois types de maisons:<\/strong><\/p>\n<p><strong>Casa Carlotta<\/strong> se compose de cinq chambres doubles, d&rsquo;une suite (deux doubles et une salle de bain) et d&rsquo;une annexe (deux doubles, deux salles de bain et une micro-cuisine), plus une salle \u00e0 manger double, un salon, une grande cuisine, un grand parc, une piscine et un parking couvert et ferm\u00e9.<\/p>\n<p><strong>La Casa Felice 1<\/strong> est compos\u00e9e d&rsquo;une chambre double et d&rsquo;une chambre \u00e0 deux lits, d&rsquo;une salle \u00e0 manger\/salon avec cuisine, jardin et parking<\/p>\n<p><strong>Casa Felice 2<\/strong> est compos\u00e9e d&rsquo;un appartement avec deux chambres doubles et une chambre \u00e0 deux\/quadruple lits, une chambre avec canap\u00e9, table et kitchenette plus une autre salle de bain, une petite terrasse et un parking.<\/p>\n<p>La piscine est \u00e0 l&rsquo;usage exclusif de la Casa Carlotta, uniquement pour les deux premi\u00e8res semaines d&rsquo;ao\u00fbt.<\/p>\n<p>Toutes les chambres sont r\u00e9nov\u00e9es et meubl\u00e9es avec des meubles de style, toutes \u00e9quip\u00e9es de la climatisation, de la t\u00e9l\u00e9vision et de la possibilit\u00e9 de lits suppl\u00e9mentaires ou de lits d&rsquo;enfants. Dans les chambres et dans le jardin, vous pouvez utiliser la connexion wi-fi.<\/p>\n<\/div>\n[\/fusion_text][fusion_button link=\u00a0\u00bbhttps:\/\/www.contradaguido.it\/fr\/renseignements-et-reservations\/\u00a0\u00bb title=\u00a0\u00bbprenotazioni\u00a0\u00bb target=\u00a0\u00bb_self\u00a0\u00bb link_attributes=\u00a0\u00bb\u00a0\u00bb alignment=\u00a0\u00bbcenter\u00a0\u00bb modal=\u00a0\u00bb\u00a0\u00bb hide_on_mobile=\u00a0\u00bbsmall-visibility,medium-visibility,large-visibility\u00a0\u00bb class=\u00a0\u00bb\u00a0\u00bb id=\u00a0\u00bb\u00a0\u00bb color=\u00a0\u00bbcustom\u00a0\u00bb button_gradient_top_color=\u00a0\u00bb#87ac2d\u00a0\u00bb button_gradient_bottom_color=\u00a0\u00bb#87ac2d\u00a0\u00bb button_gradient_top_color_hover=\u00a0\u00bb#87ac2d\u00a0\u00bb button_gradient_bottom_color_hover=\u00a0\u00bb#87ac2d\u00a0\u00bb accent_color=\u00a0\u00bb\u00a0\u00bb accent_hover_color=\u00a0\u00bb\u00a0\u00bb type=\u00a0\u00bb\u00a0\u00bb bevel_color=\u00a0\u00bb\u00a0\u00bb border_width=\u00a0\u00bb\u00a0\u00bb size=\u00a0\u00bb\u00a0\u00bb stretch=\u00a0\u00bbdefault\u00a0\u00bb shape=\u00a0\u00bb\u00a0\u00bb icon=\u00a0\u00bb\u00a0\u00bb icon_position=\u00a0\u00bbleft\u00a0\u00bb icon_divider=\u00a0\u00bbno\u00a0\u00bb animation_type=\u00a0\u00bb\u00a0\u00bb animation_direction=\u00a0\u00bbleft\u00a0\u00bb animation_speed=\u00a0\u00bb0.3&Prime; animation_offset=\u00a0\u00bb\u00a0\u00bb]DEMANDER UN DEVIS[\/fusion_button][\/fusion_builder_column][\/fusion_builder_row][\/fusion_builder_container][fusion_builder_container admin_label=\u00a0\u00bb\u00a0\u00bb hundred_percent=\u00a0\u00bbno\u00a0\u00bb equal_height_columns=\u00a0\u00bbyes\u00a0\u00bb menu_anchor=\u00a0\u00bb\u00a0\u00bb hide_on_mobile=\u00a0\u00bbsmall-visibility,medium-visibility,large-visibility\u00a0\u00bb class=\u00a0\u00bb\u00a0\u00bb id=\u00a0\u00bb\u00a0\u00bb background_color=\u00a0\u00bb#f7f7f7&Prime; background_image=\u00a0\u00bb\u00a0\u00bb background_position=\u00a0\u00bbcenter center\u00a0\u00bb background_repeat=\u00a0\u00bbno-repeat\u00a0\u00bb fade=\u00a0\u00bbno\u00a0\u00bb background_parallax=\u00a0\u00bbnone\u00a0\u00bb enable_mobile=\u00a0\u00bbno\u00a0\u00bb parallax_speed=\u00a0\u00bb0.3&Prime; video_mp4=\u00a0\u00bb\u00a0\u00bb video_webm=\u00a0\u00bb\u00a0\u00bb video_ogv=\u00a0\u00bb\u00a0\u00bb video_url=\u00a0\u00bb\u00a0\u00bb video_aspect_ratio=\u00a0\u00bb16:9&Prime; video_loop=\u00a0\u00bbyes\u00a0\u00bb video_mute=\u00a0\u00bbyes\u00a0\u00bb video_preview_image=\u00a0\u00bb\u00a0\u00bb border_size=\u00a0\u00bb\u00a0\u00bb border_color=\u00a0\u00bb\u00a0\u00bb border_style=\u00a0\u00bbsolid\u00a0\u00bb margin_top=\u00a0\u00bb0px\u00a0\u00bb margin_bottom=\u00a0\u00bb0px\u00a0\u00bb padding_top=\u00a0\u00bb80px\u00a0\u00bb padding_right=\u00a0\u00bb0px\u00a0\u00bb padding_bottom=\u00a0\u00bb80px\u00a0\u00bb padding_left=\u00a0\u00bb0px\u00a0\u00bb][fusion_builder_row][fusion_builder_column type=\u00a0\u00bb1_1&Prime; layout=\u00a0\u00bb1_1&Prime; spacing=\u00a0\u00bbyes\u00a0\u00bb center_content=\u00a0\u00bbno\u00a0\u00bb hover_type=\u00a0\u00bbnone\u00a0\u00bb link=\u00a0\u00bb\u00a0\u00bb min_height=\u00a0\u00bb\u00a0\u00bb hide_on_mobile=\u00a0\u00bbsmall-visibility,medium-visibility,large-visibility\u00a0\u00bb class=\u00a0\u00bb\u00a0\u00bb id=\u00a0\u00bb\u00a0\u00bb background_color=\u00a0\u00bb\u00a0\u00bb background_image=\u00a0\u00bb\u00a0\u00bb background_position=\u00a0\u00bbleft top\u00a0\u00bb undefined=\u00a0\u00bb\u00a0\u00bb background_repeat=\u00a0\u00bbno-repeat\u00a0\u00bb border_size=\u00a0\u00bb0&Prime; border_color=\u00a0\u00bb\u00a0\u00bb border_style=\u00a0\u00bbsolid\u00a0\u00bb border_position=\u00a0\u00bball\u00a0\u00bb padding=\u00a0\u00bb\u00a0\u00bb margin_top=\u00a0\u00bb\u00a0\u00bb margin_bottom=\u00a0\u00bb\u00a0\u00bb animation_type=\u00a0\u00bb\u00a0\u00bb animation_direction=\u00a0\u00bbleft\u00a0\u00bb animation_speed=\u00a0\u00bb0.3&Prime; animation_offset=\u00a0\u00bb\u00a0\u00bb last=\u00a0\u00bbno\u00a0\u00bb][fusion_code]<div class=\"vls-gf-gallery vls-gf-92 vls-gf-style-light vls-gf-style-none\" data-vls-gf-layout='{\"layout_type\":\"metro\",\"column_count\":4,\"column_count_xs\":1,\"aspect_ratio\":1,\"horizontal_spacing\":12,\"vertical_spacing\":12,\"align_bottom\":false,\"pagination_type\":\"none\",\"page_size\":0}' data-vls-gf-settings='{\"pagination_type\":\"none\"}'><style type=\"text\/css\">.vls-gf-92 figure a{display:block;position:absolute;top:0;bottom:0;left:0;right:0;opacity:0;z-index:90;}.vls-gf-92 figure .vls-gf-overlay{position:absolute;background-color:rgba(255, 255, 255, 0.3);left:0;right:0;top:0;bottom:0;opacity:0;z-index:10;transition:opacity 600ms ease;}.vls-gf-92 figure:hover .vls-gf-overlay{opacity:1;}<\/style><div class=\"vls-gf-container\"><figure class=\"vls-gf-93 vls-gf-init vls-gf-lazy\" data-vls-gf-thumbnail-width=\"800\" data-vls-gf-thumbnail-height=\"600\"><a class=\"vls-gf-main\" href=\"http:\/\/contradaguido.it\/wp-content\/gf-uploads\/2017\/04\/bagno-1-fascia-A.jpg\" data-caption=\"\" data-description=\"\"><\/a><div class=\"vls-gf-img\"><img data-src=\"http:\/\/contradaguido.it\/wp-content\/gf-uploads\/2017\/04\/preview-m\/bagno-1-fascia-A-0.jpg?t=1492010357\" title=\"\"\/><\/div><div class=\"vls-gf-overlay\"><\/div><\/figure><figure class=\"vls-gf-94 vls-gf-init vls-gf-lazy\" data-vls-gf-thumbnail-width=\"800\" data-vls-gf-thumbnail-height=\"600\"><a class=\"vls-gf-main\" href=\"http:\/\/contradaguido.it\/wp-content\/gf-uploads\/2017\/04\/bagno-2-fascia-A.jpg\" data-caption=\"\" data-description=\"\"><\/a><div class=\"vls-gf-img\"><img data-src=\"http:\/\/contradaguido.it\/wp-content\/gf-uploads\/2017\/04\/preview-m\/bagno-2-fascia-A-0.jpg?t=1492010361\" title=\"\"\/><\/div><div class=\"vls-gf-overlay\"><\/div><\/figure><figure class=\"vls-gf-96 vls-gf-init vls-gf-lazy\" data-vls-gf-thumbnail-width=\"800\" data-vls-gf-thumbnail-height=\"600\"><a class=\"vls-gf-main\" href=\"http:\/\/contradaguido.it\/wp-content\/gf-uploads\/2017\/04\/IMG_2089-1.jpg\" data-caption=\"\" data-description=\"\"><\/a><div class=\"vls-gf-img\"><img data-src=\"http:\/\/contradaguido.it\/wp-content\/gf-uploads\/2017\/04\/preview-m\/IMG_2089-1-0.jpg?t=1492010378\" title=\"\"\/><\/div><div class=\"vls-gf-overlay\"><\/div><\/figure><figure class=\"vls-gf-105 vls-gf-init vls-gf-lazy\" data-vls-gf-thumbnail-width=\"800\" data-vls-gf-thumbnail-height=\"600\"><a class=\"vls-gf-main\" href=\"http:\/\/contradaguido.it\/wp-content\/gf-uploads\/2017\/04\/IMG_2146.jpg\" data-caption=\"\" data-description=\"\"><\/a><div class=\"vls-gf-img\"><img data-src=\"http:\/\/contradaguido.it\/wp-content\/gf-uploads\/2017\/04\/preview-m\/IMG_2146-0.jpg?t=1492010439\" title=\"\"\/><\/div><div class=\"vls-gf-overlay\"><\/div><\/figure><figure class=\"vls-gf-108 vls-gf-init vls-gf-lazy\" data-vls-gf-thumbnail-width=\"800\" data-vls-gf-thumbnail-height=\"450\"><a class=\"vls-gf-main\" href=\"http:\/\/contradaguido.it\/wp-content\/gf-uploads\/2017\/04\/IMG_2480.jpg\" data-caption=\"\" data-description=\"\"><\/a><div class=\"vls-gf-img\"><img data-src=\"http:\/\/contradaguido.it\/wp-content\/gf-uploads\/2017\/04\/preview-m\/IMG_2480-0.jpg?t=1492010466\" title=\"\"\/><\/div><div class=\"vls-gf-overlay\"><\/div><\/figure><figure class=\"vls-gf-110 vls-gf-init vls-gf-lazy\" data-vls-gf-thumbnail-width=\"800\" data-vls-gf-thumbnail-height=\"600\"><a class=\"vls-gf-main\" href=\"http:\/\/contradaguido.it\/wp-content\/gf-uploads\/2017\/04\/stanza-1-fascia-A-3.jpg\" data-caption=\"\" data-description=\"\"><\/a><div class=\"vls-gf-img\"><img data-src=\"http:\/\/contradaguido.it\/wp-content\/gf-uploads\/2017\/04\/preview-m\/stanza-1-fascia-A-3-0.jpg?t=1492010482\" title=\"\"\/><\/div><div class=\"vls-gf-overlay\"><\/div><\/figure><figure class=\"vls-gf-112 vls-gf-init vls-gf-lazy\" data-vls-gf-thumbnail-width=\"800\" data-vls-gf-thumbnail-height=\"600\"><a class=\"vls-gf-main\" href=\"http:\/\/contradaguido.it\/wp-content\/gf-uploads\/2017\/04\/stanza-2-fascia-A.jpg\" data-caption=\"\" data-description=\"\"><\/a><div class=\"vls-gf-img\"><img data-src=\"http:\/\/contradaguido.it\/wp-content\/gf-uploads\/2017\/04\/preview-m\/stanza-2-fascia-A-0.jpg?t=1492010506\" title=\"\"\/><\/div><div class=\"vls-gf-overlay\"><\/div><\/figure><figure class=\"vls-gf-113 vls-gf-init vls-gf-lazy\" data-vls-gf-thumbnail-width=\"800\" data-vls-gf-thumbnail-height=\"600\"><a class=\"vls-gf-main\" href=\"http:\/\/contradaguido.it\/wp-content\/gf-uploads\/2017\/04\/stanza-2.jpg\" data-caption=\"\" data-description=\"\"><\/a><div class=\"vls-gf-img\"><img data-src=\"http:\/\/contradaguido.it\/wp-content\/gf-uploads\/2017\/04\/preview-m\/stanza-2-0.jpg?t=1492010511\" title=\"\"\/><\/div><div class=\"vls-gf-overlay\"><\/div><\/figure><figure class=\"vls-gf-115 vls-gf-init vls-gf-lazy\" data-vls-gf-thumbnail-width=\"800\" data-vls-gf-thumbnail-height=\"595\"><a class=\"vls-gf-main\" href=\"http:\/\/contradaguido.it\/wp-content\/gf-uploads\/2017\/04\/stanza-fascia-C.jpg\" data-caption=\"\" data-description=\"\"><\/a><div class=\"vls-gf-img\"><img data-src=\"http:\/\/contradaguido.it\/wp-content\/gf-uploads\/2017\/04\/preview-m\/stanza-fascia-C-0.jpg?t=1492010523\" title=\"\"\/><\/div><div class=\"vls-gf-overlay\"><\/div><\/figure><figure class=\"vls-gf-127 vls-gf-init vls-gf-lazy\" data-vls-gf-thumbnail-width=\"800\" data-vls-gf-thumbnail-height=\"450\"><a class=\"vls-gf-main\" href=\"https:\/\/www.contradaguido.it\/wp-content\/gf-uploads\/2020\/03\/Camera-1-Contrada-Guido-2.jpg\" data-caption=\"\" data-description=\"\"><\/a><div class=\"vls-gf-img\"><img data-src=\"https:\/\/www.staging4.contradaguido.it\/wp-content\/gf-uploads\/2020\/03\/preview-m\/Camera-1-Contrada-Guido-2-0.jpg?t=1584646478\" title=\"\"\/><\/div><div class=\"vls-gf-overlay\"><\/div><\/figure><figure class=\"vls-gf-128 vls-gf-init vls-gf-lazy\" data-vls-gf-thumbnail-width=\"800\" data-vls-gf-thumbnail-height=\"600\"><a class=\"vls-gf-main\" href=\"https:\/\/www.contradaguido.it\/wp-content\/gf-uploads\/2020\/03\/Camera-letto-2.jpg\" data-caption=\"\" data-description=\"\"><\/a><div class=\"vls-gf-img\"><img data-src=\"https:\/\/www.staging4.contradaguido.it\/wp-content\/gf-uploads\/2020\/03\/preview-m\/Camera-letto-2-0.jpg?t=1584646499\" title=\"\"\/><\/div><div class=\"vls-gf-overlay\"><\/div><\/figure><\/div><\/div>[\/fusion_code][\/fusion_builder_column][\/fusion_builder_row][\/fusion_builder_container]\n","protected":false},"excerpt":{"rendered":"<p>[fusion_builder_container admin_label=\u00a0\u00bb\u00a0\u00bb hundred_percent=\u00a0\u00bbno\u00a0\u00bb equal_height_columns=\u00a0\u00bbno\u00a0\u00bb menu_anchor=\u00a0\u00bb\u00a0\u00bb hide_on_mobile=\u00a0\u00bbsmall-visibility,medium-visibility,large-visibility\u00a0\u00bb class=\u00a0\u00bb\u00a0\u00bb id=\u00a0\u00bb\u00a0\u00bb background_color=\u00a0\u00bb\u00a0\u00bb background_image=\u00a0\u00bb\u00a0\u00bb background_position=\u00a0\u00bbcenter center\u00a0\u00bb background_repeat=\u00a0\u00bbno-repeat\u00a0\u00bb fade=\u00a0\u00bbno\u00a0\u00bb background_parallax=\u00a0\u00bbnone\u00a0\u00bb enable_mobile=\u00a0\u00bbno\u00a0\u00bb parallax_speed=\u00a0\u00bb0.3&Prime; video_mp4=\u00a0\u00bb\u00a0\u00bb video_webm=\u00a0\u00bb\u00a0\u00bb video_ogv=\u00a0\u00bb\u00a0\u00bb video_url=\u00a0\u00bb\u00a0\u00bb video_aspect_ratio=\u00a0\u00bb16:9&Prime; video_loop=\u00a0\u00bbyes\u00a0\u00bb video_mute=\u00a0\u00bbyes\u00a0\u00bb video_preview_image=\u00a0\u00bb\u00a0\u00bb border_size=\u00a0\u00bb\u00a0\u00bb border_color=\u00a0\u00bb\u00a0\u00bb border_style=\u00a0\u00bbsolid\u00a0\u00bb margin_top=\u00a0\u00bb\u00a0\u00bb margin_bottom=\u00a0\u00bb\u00a0\u00bb&#8230;<\/p>\n","protected":false},"author":1,"featured_media":0,"parent":18311,"menu_order":0,"comment_status":"closed","ping_status":"closed","template":"","meta":{"footnotes":""},"class_list":["post-18324","page","type-page","status-publish"],"yoast_head":"<!-- This site is optimized with the Yoast SEO plugin v27.3 - https:\/\/yoast.com\/product\/yoast-seo-wordpress\/ -->\n<title>Les Chambres - Residenza Contrada Guido<\/title>\n<meta name=\"robots\" content=\"index, follow, max-snippet:-1, max-image-preview:large, max-video-preview:-1\" \/>\n<link rel=\"canonical\" href=\"https:\/\/www.contradaguido.it\/fr\/la-ferme-auberge\/les-chambres\/\" \/>\n<meta property=\"og:locale\" content=\"fr_FR\" \/>\n<meta property=\"og:type\" content=\"article\" \/>\n<meta property=\"og:title\" content=\"Les Chambres - Residenza Contrada Guido\" \/>\n<meta property=\"og:description\" content=\"[fusion_builder_container admin_label=\u00a0\u00bb\u00a0\u00bb hundred_percent=\u00a0\u00bbno\u00a0\u00bb equal_height_columns=\u00a0\u00bbno\u00a0\u00bb menu_anchor=\u00a0\u00bb\u00a0\u00bb hide_on_mobile=\u00a0\u00bbsmall-visibility,medium-visibility,large-visibility\u00a0\u00bb class=\u00a0\u00bb\u00a0\u00bb id=\u00a0\u00bb\u00a0\u00bb background_color=\u00a0\u00bb\u00a0\u00bb background_image=\u00a0\u00bb\u00a0\u00bb background_position=\u00a0\u00bbcenter center\u00a0\u00bb background_repeat=\u00a0\u00bbno-repeat\u00a0\u00bb fade=\u00a0\u00bbno\u00a0\u00bb background_parallax=\u00a0\u00bbnone\u00a0\u00bb enable_mobile=\u00a0\u00bbno\u00a0\u00bb parallax_speed=\u00a0\u00bb0.3&Prime; video_mp4=\u00a0\u00bb\u00a0\u00bb video_webm=\u00a0\u00bb\u00a0\u00bb video_ogv=\u00a0\u00bb\u00a0\u00bb video_url=\u00a0\u00bb\u00a0\u00bb video_aspect_ratio=\u00a0\u00bb16:9&Prime; video_loop=\u00a0\u00bbyes\u00a0\u00bb video_mute=\u00a0\u00bbyes\u00a0\u00bb video_preview_image=\u00a0\u00bb\u00a0\u00bb border_size=\u00a0\u00bb\u00a0\u00bb border_color=\u00a0\u00bb\u00a0\u00bb border_style=\u00a0\u00bbsolid\u00a0\u00bb margin_top=\u00a0\u00bb\u00a0\u00bb margin_bottom=\u00a0\u00bb\u00a0\u00bb...\" \/>\n<meta property=\"og:url\" content=\"https:\/\/www.contradaguido.it\/fr\/la-ferme-auberge\/les-chambres\/\" \/>\n<meta property=\"og:site_name\" content=\"Residenza Contrada Guido\" \/>\n<meta property=\"article:modified_time\" content=\"2020-07-02T08:44:15+00:00\" \/>\n<meta name=\"twitter:card\" content=\"summary_large_image\" \/>\n<meta name=\"twitter:label1\" content=\"Dur\u00e9e de lecture estim\u00e9e\" \/>\n\t<meta name=\"twitter:data1\" content=\"3 minutes\" \/>\n<script type=\"application\/ld+json\" class=\"yoast-schema-graph\">{\"@context\":\"https:\\\/\\\/schema.org\",\"@graph\":[{\"@type\":\"WebPage\",\"@id\":\"https:\\\/\\\/www.contradaguido.it\\\/fr\\\/la-ferme-auberge\\\/les-chambres\\\/\",\"url\":\"https:\\\/\\\/www.contradaguido.it\\\/fr\\\/la-ferme-auberge\\\/les-chambres\\\/\",\"name\":\"Les Chambres - Residenza Contrada Guido\",\"isPartOf\":{\"@id\":\"https:\\\/\\\/www.contradaguido.it\\\/en\\\/#website\"},\"datePublished\":\"2017-04-12T13:20:38+00:00\",\"dateModified\":\"2020-07-02T08:44:15+00:00\",\"breadcrumb\":{\"@id\":\"https:\\\/\\\/www.contradaguido.it\\\/fr\\\/la-ferme-auberge\\\/les-chambres\\\/#breadcrumb\"},\"inLanguage\":\"fr-FR\",\"potentialAction\":[{\"@type\":\"ReadAction\",\"target\":[\"https:\\\/\\\/www.contradaguido.it\\\/fr\\\/la-ferme-auberge\\\/les-chambres\\\/\"]}]},{\"@type\":\"BreadcrumbList\",\"@id\":\"https:\\\/\\\/www.contradaguido.it\\\/fr\\\/la-ferme-auberge\\\/les-chambres\\\/#breadcrumb\",\"itemListElement\":[{\"@type\":\"ListItem\",\"position\":1,\"name\":\"Home\",\"item\":\"https:\\\/\\\/www.contradaguido.it\\\/fr\\\/\"},{\"@type\":\"ListItem\",\"position\":2,\"name\":\"La Ferme Auberge\",\"item\":\"https:\\\/\\\/www.contradaguido.it\\\/fr\\\/la-ferme-auberge\\\/\"},{\"@type\":\"ListItem\",\"position\":3,\"name\":\"Les Chambres\"}]},{\"@type\":\"WebSite\",\"@id\":\"https:\\\/\\\/www.contradaguido.it\\\/en\\\/#website\",\"url\":\"https:\\\/\\\/www.contradaguido.it\\\/en\\\/\",\"name\":\"Residenza Contrada Guido\",\"description\":\"\",\"potentialAction\":[{\"@type\":\"SearchAction\",\"target\":{\"@type\":\"EntryPoint\",\"urlTemplate\":\"https:\\\/\\\/www.contradaguido.it\\\/en\\\/?s={search_term_string}\"},\"query-input\":{\"@type\":\"PropertyValueSpecification\",\"valueRequired\":true,\"valueName\":\"search_term_string\"}}],\"inLanguage\":\"fr-FR\"}]}<\/script>\n<!-- \/ Yoast SEO plugin. -->","yoast_head_json":{"title":"Les Chambres - Residenza Contrada Guido","robots":{"index":"index","follow":"follow","max-snippet":"max-snippet:-1","max-image-preview":"max-image-preview:large","max-video-preview":"max-video-preview:-1"},"canonical":"https:\/\/www.contradaguido.it\/fr\/la-ferme-auberge\/les-chambres\/","og_locale":"fr_FR","og_type":"article","og_title":"Les Chambres - Residenza Contrada Guido","og_description":"[fusion_builder_container admin_label=\u00a0\u00bb\u00a0\u00bb hundred_percent=\u00a0\u00bbno\u00a0\u00bb equal_height_columns=\u00a0\u00bbno\u00a0\u00bb menu_anchor=\u00a0\u00bb\u00a0\u00bb hide_on_mobile=\u00a0\u00bbsmall-visibility,medium-visibility,large-visibility\u00a0\u00bb class=\u00a0\u00bb\u00a0\u00bb id=\u00a0\u00bb\u00a0\u00bb background_color=\u00a0\u00bb\u00a0\u00bb background_image=\u00a0\u00bb\u00a0\u00bb background_position=\u00a0\u00bbcenter center\u00a0\u00bb background_repeat=\u00a0\u00bbno-repeat\u00a0\u00bb fade=\u00a0\u00bbno\u00a0\u00bb background_parallax=\u00a0\u00bbnone\u00a0\u00bb enable_mobile=\u00a0\u00bbno\u00a0\u00bb parallax_speed=\u00a0\u00bb0.3&Prime; video_mp4=\u00a0\u00bb\u00a0\u00bb video_webm=\u00a0\u00bb\u00a0\u00bb video_ogv=\u00a0\u00bb\u00a0\u00bb video_url=\u00a0\u00bb\u00a0\u00bb video_aspect_ratio=\u00a0\u00bb16:9&Prime; video_loop=\u00a0\u00bbyes\u00a0\u00bb video_mute=\u00a0\u00bbyes\u00a0\u00bb video_preview_image=\u00a0\u00bb\u00a0\u00bb border_size=\u00a0\u00bb\u00a0\u00bb border_color=\u00a0\u00bb\u00a0\u00bb border_style=\u00a0\u00bbsolid\u00a0\u00bb margin_top=\u00a0\u00bb\u00a0\u00bb margin_bottom=\u00a0\u00bb\u00a0\u00bb...","og_url":"https:\/\/www.contradaguido.it\/fr\/la-ferme-auberge\/les-chambres\/","og_site_name":"Residenza Contrada Guido","article_modified_time":"2020-07-02T08:44:15+00:00","twitter_card":"summary_large_image","twitter_misc":{"Dur\u00e9e de lecture estim\u00e9e":"3 minutes"},"schema":{"@context":"https:\/\/schema.org","@graph":[{"@type":"WebPage","@id":"https:\/\/www.contradaguido.it\/fr\/la-ferme-auberge\/les-chambres\/","url":"https:\/\/www.contradaguido.it\/fr\/la-ferme-auberge\/les-chambres\/","name":"Les Chambres - Residenza Contrada Guido","isPartOf":{"@id":"https:\/\/www.contradaguido.it\/en\/#website"},"datePublished":"2017-04-12T13:20:38+00:00","dateModified":"2020-07-02T08:44:15+00:00","breadcrumb":{"@id":"https:\/\/www.contradaguido.it\/fr\/la-ferme-auberge\/les-chambres\/#breadcrumb"},"inLanguage":"fr-FR","potentialAction":[{"@type":"ReadAction","target":["https:\/\/www.contradaguido.it\/fr\/la-ferme-auberge\/les-chambres\/"]}]},{"@type":"BreadcrumbList","@id":"https:\/\/www.contradaguido.it\/fr\/la-ferme-auberge\/les-chambres\/#breadcrumb","itemListElement":[{"@type":"ListItem","position":1,"name":"Home","item":"https:\/\/www.contradaguido.it\/fr\/"},{"@type":"ListItem","position":2,"name":"La Ferme Auberge","item":"https:\/\/www.contradaguido.it\/fr\/la-ferme-auberge\/"},{"@type":"ListItem","position":3,"name":"Les Chambres"}]},{"@type":"WebSite","@id":"https:\/\/www.contradaguido.it\/en\/#website","url":"https:\/\/www.contradaguido.it\/en\/","name":"Residenza Contrada Guido","description":"","potentialAction":[{"@type":"SearchAction","target":{"@type":"EntryPoint","urlTemplate":"https:\/\/www.contradaguido.it\/en\/?s={search_term_string}"},"query-input":{"@type":"PropertyValueSpecification","valueRequired":true,"valueName":"search_term_string"}}],"inLanguage":"fr-FR"}]}},"_links":{"self":[{"href":"https:\/\/www.contradaguido.it\/fr\/wp-json\/wp\/v2\/pages\/18324","targetHints":{"allow":["GET"]}}],"collection":[{"href":"https:\/\/www.contradaguido.it\/fr\/wp-json\/wp\/v2\/pages"}],"about":[{"href":"https:\/\/www.contradaguido.it\/fr\/wp-json\/wp\/v2\/types\/page"}],"author":[{"embeddable":true,"href":"https:\/\/www.contradaguido.it\/fr\/wp-json\/wp\/v2\/users\/1"}],"replies":[{"embeddable":true,"href":"https:\/\/www.contradaguido.it\/fr\/wp-json\/wp\/v2\/comments?post=18324"}],"version-history":[{"count":0,"href":"https:\/\/www.contradaguido.it\/fr\/wp-json\/wp\/v2\/pages\/18324\/revisions"}],"up":[{"embeddable":true,"href":"https:\/\/www.contradaguido.it\/fr\/wp-json\/wp\/v2\/pages\/18311"}],"wp:attachment":[{"href":"https:\/\/www.contradaguido.it\/fr\/wp-json\/wp\/v2\/media?parent=18324"}],"curies":[{"name":"wp","href":"https:\/\/api.w.org\/{rel}","templated":true}]}}