{"id":18395,"date":"2017-04-12T13:53:51","date_gmt":"2017-04-12T11:53:51","guid":{"rendered":"http:\/\/contradaguido.it\/agriturismo\/"},"modified":"2022-03-01T09:53:50","modified_gmt":"2022-03-01T08:53:50","slug":"la-finca","status":"publish","type":"page","link":"https:\/\/www.contradaguido.it\/es\/la-finca\/","title":{"rendered":"La Finca"},"content":{"rendered":"[fusion_builder_container admin_label=\u00bb\u00bb hundred_percent=\u00bbno\u00bb equal_height_columns=\u00bbno\u00bb menu_anchor=\u00bb\u00bb hide_on_mobile=\u00bbsmall-visibility,medium-visibility,large-visibility\u00bb class=\u00bb\u00bb id=\u00bb\u00bb background_color=\u00bb\u00bb background_image=\u00bb\u00bb background_position=\u00bbcenter center\u00bb background_repeat=\u00bbno-repeat\u00bb fade=\u00bbno\u00bb background_parallax=\u00bbnone\u00bb enable_mobile=\u00bbno\u00bb parallax_speed=\u00bb0.3&#8243; video_mp4=\u00bb\u00bb video_webm=\u00bb\u00bb video_ogv=\u00bb\u00bb video_url=\u00bb\u00bb video_aspect_ratio=\u00bb16:9&#8243; video_loop=\u00bbyes\u00bb video_mute=\u00bbyes\u00bb video_preview_image=\u00bb\u00bb border_size=\u00bb\u00bb border_color=\u00bb\u00bb border_style=\u00bbsolid\u00bb margin_top=\u00bb\u00bb margin_bottom=\u00bb\u00bb padding_top=\u00bb80px\u00bb padding_right=\u00bb\u00bb padding_bottom=\u00bb80px\u00bb padding_left=\u00bb\u00bb][fusion_builder_row][fusion_builder_column type=\u00bb1_1&#8243; layout=\u00bb1_1&#8243; spacing=\u00bbyes\u00bb center_content=\u00bbno\u00bb hover_type=\u00bbnone\u00bb link=\u00bb\u00bb min_height=\u00bb\u00bb hide_on_mobile=\u00bbsmall-visibility,medium-visibility,large-visibility\u00bb class=\u00bb\u00bb id=\u00bb\u00bb background_color=\u00bb\u00bb background_image=\u00bb\u00bb background_position=\u00bbleft top\u00bb undefined=\u00bb\u00bb background_repeat=\u00bbno-repeat\u00bb border_size=\u00bb0&#8243; border_color=\u00bb\u00bb border_style=\u00bbsolid\u00bb border_position=\u00bball\u00bb padding_top=\u00bb\u00bb padding_right=\u00bb\u00bb padding_bottom=\u00bb\u00bb padding_left=\u00bb\u00bb margin_top=\u00bb\u00bb margin_bottom=\u00bb\u00bb animation_type=\u00bb\u00bb animation_direction=\u00bbleft\u00bb animation_speed=\u00bb0.3&#8243; animation_offset=\u00bb\u00bb last=\u00bbno\u00bb][fusion_title margin_top=\u00bb\u00bb margin_bottom=\u00bb\u00bb hide_on_mobile=\u00bbsmall-visibility,medium-visibility,large-visibility\u00bb class=\u00bb\u00bb id=\u00bb\u00bb size=\u00bb2&#8243; content_align=\u00bbcenter\u00bb style_type=\u00bbnone\u00bb sep_color=\u00bb\u00bb]\n<p>Residencia Contrada Guido<\/p>\n[\/fusion_title][fusion_separator style_type=\u00bbsingle solid\u00bb hide_on_mobile=\u00bbsmall-visibility,medium-visibility,large-visibility\u00bb class=\u00bb\u00bb id=\u00bb\u00bb sep_color=\u00bb#89a79f\u00bb top_margin=\u00bb\u00bb bottom_margin=\u00bb40&#8243; border_size=\u00bb3&#8243; icon=\u00bb\u00bb icon_circle=\u00bb\u00bb icon_circle_color=\u00bb\u00bb width=\u00bb175px\u00bb alignment=\u00bbcenter\u00bb \/][fusion_text]\n<p class=\"testo\" style=\"text-align: center;\">Contrada Guido est\u00e1 en el centro de una finca de veinte hect\u00e1reas cuyos cultivos principales son los c\u00edtricos y las aceitunas. La propiedad se encuentra aprox.<br \/>\n1500 metros del mar y est\u00e1 rodeado por un jard\u00edn de diez mil metros cuadrados, que se caracteriza por una vegetaci\u00f3n exuberante y con buen gusto cuidado.<br \/>\nEl lugar ideal para relajarse, disfrutar de las maravillas de este tramo de costa virgen y visitar las hermosas monta\u00f1as de Sila, a s\u00f3lo media hora de coche.<\/p>\n[\/fusion_text][fusion_button link=\u00bbhttps:\/\/www.contradaguido.it\/es\/informacion-y-reservas\/\u00bb title=\u00bbprenotazioni\u00bb target=\u00bb_self\u00bb link_attributes=\u00bb\u00bb alignment=\u00bbcenter\u00bb modal=\u00bb\u00bb hide_on_mobile=\u00bbsmall-visibility,medium-visibility,large-visibility\u00bb class=\u00bb\u00bb id=\u00bb\u00bb color=\u00bbcustom\u00bb button_gradient_top_color=\u00bb#87ac2d\u00bb button_gradient_bottom_color=\u00bb#87ac2d\u00bb button_gradient_top_color_hover=\u00bb#87ac2d\u00bb button_gradient_bottom_color_hover=\u00bb#87ac2d\u00bb accent_color=\u00bb\u00bb accent_hover_color=\u00bb\u00bb type=\u00bb\u00bb bevel_color=\u00bb\u00bb border_width=\u00bb\u00bb size=\u00bb\u00bb stretch=\u00bbdefault\u00bb shape=\u00bb\u00bb icon=\u00bb\u00bb icon_position=\u00bbleft\u00bb icon_divider=\u00bbno\u00bb animation_type=\u00bb\u00bb animation_direction=\u00bbleft\u00bb animation_speed=\u00bb0.3&#8243; animation_offset=\u00bb\u00bb]Informacion y Reservas[\/fusion_button][\/fusion_builder_column][\/fusion_builder_row][\/fusion_builder_container][fusion_builder_container admin_label=\u00bb\u00bb hundred_percent=\u00bbno\u00bb equal_height_columns=\u00bbyes\u00bb menu_anchor=\u00bb\u00bb hide_on_mobile=\u00bbsmall-visibility,medium-visibility,large-visibility\u00bb class=\u00bb\u00bb id=\u00bb\u00bb background_color=\u00bb#f7f7f7&#8243; background_image=\u00bb\u00bb background_position=\u00bbcenter center\u00bb background_repeat=\u00bbno-repeat\u00bb fade=\u00bbno\u00bb background_parallax=\u00bbnone\u00bb enable_mobile=\u00bbno\u00bb parallax_speed=\u00bb0.3&#8243; video_mp4=\u00bb\u00bb video_webm=\u00bb\u00bb video_ogv=\u00bb\u00bb video_url=\u00bb\u00bb video_aspect_ratio=\u00bb16:9&#8243; video_loop=\u00bbyes\u00bb video_mute=\u00bbyes\u00bb video_preview_image=\u00bb\u00bb border_size=\u00bb\u00bb border_color=\u00bb\u00bb border_style=\u00bbsolid\u00bb margin_top=\u00bb0px\u00bb margin_bottom=\u00bb0px\u00bb padding_top=\u00bb80px\u00bb padding_right=\u00bb0px\u00bb padding_bottom=\u00bb80px\u00bb padding_left=\u00bb0px\u00bb][fusion_builder_row][fusion_builder_column type=\u00bb1_1&#8243; layout=\u00bb1_1&#8243; spacing=\u00bbyes\u00bb center_content=\u00bbno\u00bb hover_type=\u00bbnone\u00bb link=\u00bb\u00bb min_height=\u00bb\u00bb hide_on_mobile=\u00bbsmall-visibility,medium-visibility,large-visibility\u00bb class=\u00bb\u00bb id=\u00bb\u00bb background_color=\u00bb\u00bb background_image=\u00bb\u00bb background_position=\u00bbleft top\u00bb undefined=\u00bb\u00bb background_repeat=\u00bbno-repeat\u00bb border_size=\u00bb0&#8243; border_color=\u00bb\u00bb border_style=\u00bbsolid\u00bb border_position=\u00bball\u00bb padding_top=\u00bb\u00bb padding_right=\u00bb\u00bb padding_bottom=\u00bb\u00bb padding_left=\u00bb\u00bb margin_top=\u00bb\u00bb margin_bottom=\u00bb\u00bb animation_type=\u00bb\u00bb animation_direction=\u00bbleft\u00bb animation_speed=\u00bb0.3&#8243; animation_offset=\u00bb\u00bb last=\u00bbno\u00bb][fusion_code]<div class=\"vls-gf-gallery vls-gf-18 vls-gf-style-light vls-gf-style-none\" data-vls-gf-layout='{\"layout_type\":\"metro\",\"column_count\":4,\"column_count_xs\":1,\"aspect_ratio\":1,\"horizontal_spacing\":12,\"vertical_spacing\":12,\"align_bottom\":false,\"pagination_type\":\"none\",\"page_size\":0}' data-vls-gf-settings='{\"pagination_type\":\"none\"}'><style type=\"text\/css\">.vls-gf-18 figure a{display:block;position:absolute;top:0;bottom:0;left:0;right:0;opacity:0;z-index:90;}.vls-gf-18 figure .vls-gf-overlay{position:absolute;background-color:rgba(255, 255, 255, 0.3);left:0;right:0;top:0;bottom:0;opacity:0;z-index:10;transition:opacity 600ms ease;}.vls-gf-18 figure:hover .vls-gf-overlay{opacity:1;}<\/style><div class=\"vls-gf-container\"><figure class=\"vls-gf-19 vls-gf-init vls-gf-lazy\" data-vls-gf-thumbnail-width=\"800\" data-vls-gf-thumbnail-height=\"600\"><a class=\"vls-gf-main\" href=\"http:\/\/contradaguido.it\/wp-content\/gf-uploads\/2017\/04\/5.jpg\" data-caption=\"\" data-description=\"\"><\/a><div class=\"vls-gf-img\"><img data-src=\"http:\/\/contradaguido.it\/wp-content\/gf-uploads\/2017\/04\/preview-m\/5-0.jpg?t=1492005789\" title=\"\"\/><\/div><div class=\"vls-gf-overlay\"><\/div><\/figure><figure class=\"vls-gf-20 vls-gf-init vls-gf-lazy\" data-vls-gf-thumbnail-width=\"800\" data-vls-gf-thumbnail-height=\"531\"><a class=\"vls-gf-main\" href=\"http:\/\/contradaguido.it\/wp-content\/gf-uploads\/2017\/04\/AJP_5132.jpg\" data-caption=\"\" data-description=\"\"><\/a><div class=\"vls-gf-img\"><img data-src=\"http:\/\/contradaguido.it\/wp-content\/gf-uploads\/2017\/04\/preview-m\/AJP_5132-0.jpg?t=1492005795\" title=\"\"\/><\/div><div class=\"vls-gf-overlay\"><\/div><\/figure><figure class=\"vls-gf-21 vls-gf-init vls-gf-lazy\" data-vls-gf-thumbnail-width=\"800\" data-vls-gf-thumbnail-height=\"531\"><a class=\"vls-gf-main\" href=\"http:\/\/contradaguido.it\/wp-content\/gf-uploads\/2017\/04\/AJP_5214.jpg\" data-caption=\"\" data-description=\"\"><\/a><div class=\"vls-gf-img\"><img data-src=\"http:\/\/contradaguido.it\/wp-content\/gf-uploads\/2017\/04\/preview-m\/AJP_5214-0.jpg?t=1492005801\" title=\"\"\/><\/div><div class=\"vls-gf-overlay\"><\/div><\/figure><figure class=\"vls-gf-22 vls-gf-init vls-gf-lazy\" data-vls-gf-thumbnail-width=\"800\" data-vls-gf-thumbnail-height=\"531\"><a class=\"vls-gf-main\" href=\"http:\/\/contradaguido.it\/wp-content\/gf-uploads\/2017\/04\/AJP_5216.jpg\" data-caption=\"\" data-description=\"\"><\/a><div class=\"vls-gf-img\"><img data-src=\"http:\/\/contradaguido.it\/wp-content\/gf-uploads\/2017\/04\/preview-m\/AJP_5216-0.jpg?t=1492005808\" title=\"\"\/><\/div><div class=\"vls-gf-overlay\"><\/div><\/figure><figure class=\"vls-gf-25 vls-gf-init vls-gf-lazy\" data-vls-gf-thumbnail-width=\"799\" data-vls-gf-thumbnail-height=\"600\"><a class=\"vls-gf-main\" href=\"http:\/\/contradaguido.it\/wp-content\/gf-uploads\/2017\/04\/casa.jpg\" data-caption=\"\" data-description=\"\"><\/a><div class=\"vls-gf-img\"><img data-src=\"http:\/\/contradaguido.it\/wp-content\/gf-uploads\/2017\/04\/preview-m\/casa-0.jpg?t=1492005827\" title=\"\"\/><\/div><div class=\"vls-gf-overlay\"><\/div><\/figure><figure class=\"vls-gf-26 vls-gf-init vls-gf-lazy\" data-vls-gf-thumbnail-width=\"800\" data-vls-gf-thumbnail-height=\"450\"><a class=\"vls-gf-main\" href=\"http:\/\/contradaguido.it\/wp-content\/gf-uploads\/2017\/04\/IMG_2231.jpg\" data-caption=\"\" data-description=\"\"><\/a><div class=\"vls-gf-img\"><img data-src=\"http:\/\/contradaguido.it\/wp-content\/gf-uploads\/2017\/04\/preview-m\/IMG_2231-0.jpg?t=1492005837\" title=\"\"\/><\/div><div class=\"vls-gf-overlay\"><\/div><\/figure><figure class=\"vls-gf-29 vls-gf-init vls-gf-lazy\" data-vls-gf-thumbnail-width=\"800\" data-vls-gf-thumbnail-height=\"450\"><a class=\"vls-gf-main\" href=\"http:\/\/contradaguido.it\/wp-content\/gf-uploads\/2017\/04\/IMG_2447.jpg\" data-caption=\"\" data-description=\"\"><\/a><div class=\"vls-gf-img\"><img data-src=\"http:\/\/contradaguido.it\/wp-content\/gf-uploads\/2017\/04\/preview-m\/IMG_2447-0.jpg?t=1492005863\" title=\"\"\/><\/div><div class=\"vls-gf-overlay\"><\/div><\/figure><figure class=\"vls-gf-30 vls-gf-init vls-gf-lazy\" data-vls-gf-thumbnail-width=\"800\" data-vls-gf-thumbnail-height=\"600\"><a class=\"vls-gf-main\" href=\"http:\/\/contradaguido.it\/wp-content\/gf-uploads\/2017\/04\/interno-casa-2.jpg\" data-caption=\"\" data-description=\"\"><\/a><div class=\"vls-gf-img\"><img data-src=\"http:\/\/contradaguido.it\/wp-content\/gf-uploads\/2017\/04\/preview-m\/interno-casa-2-0.jpg?t=1492005867\" title=\"\"\/><\/div><div class=\"vls-gf-overlay\"><\/div><\/figure><figure class=\"vls-gf-31 vls-gf-init vls-gf-lazy\" data-vls-gf-thumbnail-width=\"800\" data-vls-gf-thumbnail-height=\"600\"><a class=\"vls-gf-main\" href=\"http:\/\/contradaguido.it\/wp-content\/gf-uploads\/2017\/04\/interno-casa.jpg\" data-caption=\"\" data-description=\"\"><\/a><div class=\"vls-gf-img\"><img data-src=\"http:\/\/contradaguido.it\/wp-content\/gf-uploads\/2017\/04\/preview-m\/interno-casa-0.jpg?t=1492005871\" title=\"\"\/><\/div><div class=\"vls-gf-overlay\"><\/div><\/figure><figure class=\"vls-gf-33 vls-gf-init vls-gf-lazy\" data-vls-gf-thumbnail-width=\"800\" data-vls-gf-thumbnail-height=\"535\"><a class=\"vls-gf-main\" href=\"http:\/\/contradaguido.it\/wp-content\/gf-uploads\/2017\/04\/spiaggia-2.jpg\" data-caption=\"\" data-description=\"\"><\/a><div class=\"vls-gf-img\"><img data-src=\"http:\/\/contradaguido.it\/wp-content\/gf-uploads\/2017\/04\/preview-m\/spiaggia-2-0.jpg?t=1492005886\" title=\"\"\/><\/div><div class=\"vls-gf-overlay\"><\/div><\/figure><figure class=\"vls-gf-34 vls-gf-init vls-gf-lazy\" data-vls-gf-thumbnail-width=\"800\" data-vls-gf-thumbnail-height=\"535\"><a class=\"vls-gf-main\" href=\"http:\/\/contradaguido.it\/wp-content\/gf-uploads\/2017\/04\/spiaggia-3.jpg\" data-caption=\"\" data-description=\"\"><\/a><div class=\"vls-gf-img\"><img data-src=\"http:\/\/contradaguido.it\/wp-content\/gf-uploads\/2017\/04\/preview-m\/spiaggia-3-0.jpg?t=1492005893\" title=\"\"\/><\/div><div class=\"vls-gf-overlay\"><\/div><\/figure><figure class=\"vls-gf-35 vls-gf-init vls-gf-lazy\" data-vls-gf-thumbnail-width=\"800\" data-vls-gf-thumbnail-height=\"600\"><a class=\"vls-gf-main\" href=\"http:\/\/contradaguido.it\/wp-content\/gf-uploads\/2017\/04\/spiaggia.jpg\" data-caption=\"\" data-description=\"\"><\/a><div class=\"vls-gf-img\"><img data-src=\"http:\/\/contradaguido.it\/wp-content\/gf-uploads\/2017\/04\/preview-m\/spiaggia-0.jpg?t=1492005897\" title=\"\"\/><\/div><div class=\"vls-gf-overlay\"><\/div><\/figure><figure class=\"vls-gf-154 vls-gf-init vls-gf-lazy\" data-vls-gf-thumbnail-width=\"800\" data-vls-gf-thumbnail-height=\"450\"><a class=\"vls-gf-main\" href=\"https:\/\/www.contradaguido.it\/wp-content\/gf-uploads\/2020\/03\/Coltivazione-propria-Contrada-Guido-3.jpg\" data-caption=\"\" data-description=\"\"><\/a><div class=\"vls-gf-img\"><img data-src=\"https:\/\/www.staging4.contradaguido.it\/wp-content\/gf-uploads\/2020\/03\/preview-m\/Coltivazione-propria-Contrada-Guido-3-0.jpg?t=1584647718\" title=\"\"\/><\/div><div class=\"vls-gf-overlay\"><\/div><\/figure><figure class=\"vls-gf-156 vls-gf-init vls-gf-lazy\" data-vls-gf-thumbnail-width=\"800\" data-vls-gf-thumbnail-height=\"450\"><a class=\"vls-gf-main\" href=\"https:\/\/www.contradaguido.it\/wp-content\/gf-uploads\/2020\/03\/Area-esterna-2-Contrada-Guido-3.jpg\" data-caption=\"\" data-description=\"\"><\/a><div class=\"vls-gf-img\"><img data-src=\"https:\/\/www.staging4.contradaguido.it\/wp-content\/gf-uploads\/2020\/03\/preview-m\/Area-esterna-2-Contrada-Guido-3-0.jpg?t=1584647775\" title=\"\"\/><\/div><div class=\"vls-gf-overlay\"><\/div><\/figure><figure class=\"vls-gf-160 vls-gf-init vls-gf-lazy\" data-vls-gf-thumbnail-width=\"800\" data-vls-gf-thumbnail-height=\"450\"><a class=\"vls-gf-main\" href=\"https:\/\/www.contradaguido.it\/wp-content\/gf-uploads\/2020\/03\/Ragazzi-Contrada-Guido-2.jpg\" data-caption=\"\" data-description=\"\"><\/a><div class=\"vls-gf-img\"><img data-src=\"https:\/\/www.staging4.contradaguido.it\/wp-content\/gf-uploads\/2020\/03\/preview-m\/Ragazzi-Contrada-Guido-2-0.jpg?t=1584656468\" title=\"\"\/><\/div><div class=\"vls-gf-overlay\"><\/div><\/figure><\/div><\/div>[\/fusion_code][\/fusion_builder_column][\/fusion_builder_row][\/fusion_builder_container]\n","protected":false},"excerpt":{"rendered":"<p>[fusion_builder_container admin_label=\u00bb\u00bb hundred_percent=\u00bbno\u00bb equal_height_columns=\u00bbno\u00bb menu_anchor=\u00bb\u00bb hide_on_mobile=\u00bbsmall-visibility,medium-visibility,large-visibility\u00bb class=\u00bb\u00bb id=\u00bb\u00bb background_color=\u00bb\u00bb background_image=\u00bb\u00bb background_position=\u00bbcenter center\u00bb background_repeat=\u00bbno-repeat\u00bb fade=\u00bbno\u00bb background_parallax=\u00bbnone\u00bb enable_mobile=\u00bbno\u00bb parallax_speed=\u00bb0.3&#8243; video_mp4=\u00bb\u00bb video_webm=\u00bb\u00bb video_ogv=\u00bb\u00bb video_url=\u00bb\u00bb video_aspect_ratio=\u00bb16:9&#8243; video_loop=\u00bbyes\u00bb video_mute=\u00bbyes\u00bb video_preview_image=\u00bb\u00bb border_size=\u00bb\u00bb border_color=\u00bb\u00bb border_style=\u00bbsolid\u00bb margin_top=\u00bb\u00bb margin_bottom=\u00bb\u00bb&#8230;<\/p>\n","protected":false},"author":1,"featured_media":0,"parent":0,"menu_order":0,"comment_status":"closed","ping_status":"closed","template":"","meta":{"footnotes":""},"class_list":["post-18395","page","type-page","status-publish"],"yoast_head":"<!-- This site is optimized with the Yoast SEO plugin v27.4 - https:\/\/yoast.com\/product\/yoast-seo-wordpress\/ -->\n<title>La Finca - Residenza Contrada Guido<\/title>\n<meta name=\"robots\" content=\"index, follow, max-snippet:-1, max-image-preview:large, max-video-preview:-1\" \/>\n<link rel=\"canonical\" href=\"https:\/\/www.contradaguido.it\/es\/la-finca\/\" \/>\n<meta property=\"og:locale\" content=\"es_ES\" \/>\n<meta property=\"og:type\" content=\"article\" \/>\n<meta property=\"og:title\" content=\"La Finca - Residenza Contrada Guido\" \/>\n<meta property=\"og:description\" content=\"[fusion_builder_container admin_label=\u00bb\u00bb hundred_percent=\u00bbno\u00bb equal_height_columns=\u00bbno\u00bb menu_anchor=\u00bb\u00bb hide_on_mobile=\u00bbsmall-visibility,medium-visibility,large-visibility\u00bb class=\u00bb\u00bb id=\u00bb\u00bb background_color=\u00bb\u00bb background_image=\u00bb\u00bb background_position=\u00bbcenter center\u00bb background_repeat=\u00bbno-repeat\u00bb fade=\u00bbno\u00bb background_parallax=\u00bbnone\u00bb enable_mobile=\u00bbno\u00bb parallax_speed=\u00bb0.3&#8243; video_mp4=\u00bb\u00bb video_webm=\u00bb\u00bb video_ogv=\u00bb\u00bb video_url=\u00bb\u00bb video_aspect_ratio=\u00bb16:9&#8243; video_loop=\u00bbyes\u00bb video_mute=\u00bbyes\u00bb video_preview_image=\u00bb\u00bb border_size=\u00bb\u00bb border_color=\u00bb\u00bb border_style=\u00bbsolid\u00bb margin_top=\u00bb\u00bb margin_bottom=\u00bb\u00bb...\" \/>\n<meta property=\"og:url\" content=\"https:\/\/www.contradaguido.it\/es\/la-finca\/\" \/>\n<meta property=\"og:site_name\" content=\"Residenza Contrada Guido\" \/>\n<meta property=\"article:modified_time\" content=\"2022-03-01T08:53:50+00:00\" \/>\n<meta name=\"twitter:card\" content=\"summary_large_image\" \/>\n<meta name=\"twitter:label1\" content=\"Tiempo de lectura\" \/>\n\t<meta name=\"twitter:data1\" content=\"3 minutos\" \/>\n<script type=\"application\/ld+json\" class=\"yoast-schema-graph\">{\"@context\":\"https:\\\/\\\/schema.org\",\"@graph\":[{\"@type\":\"WebPage\",\"@id\":\"https:\\\/\\\/www.contradaguido.it\\\/es\\\/la-finca\\\/\",\"url\":\"https:\\\/\\\/www.contradaguido.it\\\/es\\\/la-finca\\\/\",\"name\":\"La Finca - Residenza Contrada Guido\",\"isPartOf\":{\"@id\":\"https:\\\/\\\/www.contradaguido.it\\\/en\\\/#website\"},\"datePublished\":\"2017-04-12T11:53:51+00:00\",\"dateModified\":\"2022-03-01T08:53:50+00:00\",\"breadcrumb\":{\"@id\":\"https:\\\/\\\/www.contradaguido.it\\\/es\\\/la-finca\\\/#breadcrumb\"},\"inLanguage\":\"es\",\"potentialAction\":[{\"@type\":\"ReadAction\",\"target\":[\"https:\\\/\\\/www.contradaguido.it\\\/es\\\/la-finca\\\/\"]}]},{\"@type\":\"BreadcrumbList\",\"@id\":\"https:\\\/\\\/www.contradaguido.it\\\/es\\\/la-finca\\\/#breadcrumb\",\"itemListElement\":[{\"@type\":\"ListItem\",\"position\":1,\"name\":\"Home\",\"item\":\"https:\\\/\\\/www.contradaguido.it\\\/es\\\/\"},{\"@type\":\"ListItem\",\"position\":2,\"name\":\"La Finca\"}]},{\"@type\":\"WebSite\",\"@id\":\"https:\\\/\\\/www.contradaguido.it\\\/en\\\/#website\",\"url\":\"https:\\\/\\\/www.contradaguido.it\\\/en\\\/\",\"name\":\"Residenza Contrada Guido\",\"description\":\"\",\"potentialAction\":[{\"@type\":\"SearchAction\",\"target\":{\"@type\":\"EntryPoint\",\"urlTemplate\":\"https:\\\/\\\/www.contradaguido.it\\\/en\\\/?s={search_term_string}\"},\"query-input\":{\"@type\":\"PropertyValueSpecification\",\"valueRequired\":true,\"valueName\":\"search_term_string\"}}],\"inLanguage\":\"es\"}]}<\/script>\n<!-- \/ Yoast SEO plugin. -->","yoast_head_json":{"title":"La Finca - Residenza Contrada Guido","robots":{"index":"index","follow":"follow","max-snippet":"max-snippet:-1","max-image-preview":"max-image-preview:large","max-video-preview":"max-video-preview:-1"},"canonical":"https:\/\/www.contradaguido.it\/es\/la-finca\/","og_locale":"es_ES","og_type":"article","og_title":"La Finca - Residenza Contrada Guido","og_description":"[fusion_builder_container admin_label=\u00bb\u00bb hundred_percent=\u00bbno\u00bb equal_height_columns=\u00bbno\u00bb menu_anchor=\u00bb\u00bb hide_on_mobile=\u00bbsmall-visibility,medium-visibility,large-visibility\u00bb class=\u00bb\u00bb id=\u00bb\u00bb background_color=\u00bb\u00bb background_image=\u00bb\u00bb background_position=\u00bbcenter center\u00bb background_repeat=\u00bbno-repeat\u00bb fade=\u00bbno\u00bb background_parallax=\u00bbnone\u00bb enable_mobile=\u00bbno\u00bb parallax_speed=\u00bb0.3&#8243; video_mp4=\u00bb\u00bb video_webm=\u00bb\u00bb video_ogv=\u00bb\u00bb video_url=\u00bb\u00bb video_aspect_ratio=\u00bb16:9&#8243; video_loop=\u00bbyes\u00bb video_mute=\u00bbyes\u00bb video_preview_image=\u00bb\u00bb border_size=\u00bb\u00bb border_color=\u00bb\u00bb border_style=\u00bbsolid\u00bb margin_top=\u00bb\u00bb margin_bottom=\u00bb\u00bb...","og_url":"https:\/\/www.contradaguido.it\/es\/la-finca\/","og_site_name":"Residenza Contrada Guido","article_modified_time":"2022-03-01T08:53:50+00:00","twitter_card":"summary_large_image","twitter_misc":{"Tiempo de lectura":"3 minutos"},"schema":{"@context":"https:\/\/schema.org","@graph":[{"@type":"WebPage","@id":"https:\/\/www.contradaguido.it\/es\/la-finca\/","url":"https:\/\/www.contradaguido.it\/es\/la-finca\/","name":"La Finca - Residenza Contrada Guido","isPartOf":{"@id":"https:\/\/www.contradaguido.it\/en\/#website"},"datePublished":"2017-04-12T11:53:51+00:00","dateModified":"2022-03-01T08:53:50+00:00","breadcrumb":{"@id":"https:\/\/www.contradaguido.it\/es\/la-finca\/#breadcrumb"},"inLanguage":"es","potentialAction":[{"@type":"ReadAction","target":["https:\/\/www.contradaguido.it\/es\/la-finca\/"]}]},{"@type":"BreadcrumbList","@id":"https:\/\/www.contradaguido.it\/es\/la-finca\/#breadcrumb","itemListElement":[{"@type":"ListItem","position":1,"name":"Home","item":"https:\/\/www.contradaguido.it\/es\/"},{"@type":"ListItem","position":2,"name":"La Finca"}]},{"@type":"WebSite","@id":"https:\/\/www.contradaguido.it\/en\/#website","url":"https:\/\/www.contradaguido.it\/en\/","name":"Residenza Contrada Guido","description":"","potentialAction":[{"@type":"SearchAction","target":{"@type":"EntryPoint","urlTemplate":"https:\/\/www.contradaguido.it\/en\/?s={search_term_string}"},"query-input":{"@type":"PropertyValueSpecification","valueRequired":true,"valueName":"search_term_string"}}],"inLanguage":"es"}]}},"_links":{"self":[{"href":"https:\/\/www.contradaguido.it\/es\/wp-json\/wp\/v2\/pages\/18395","targetHints":{"allow":["GET"]}}],"collection":[{"href":"https:\/\/www.contradaguido.it\/es\/wp-json\/wp\/v2\/pages"}],"about":[{"href":"https:\/\/www.contradaguido.it\/es\/wp-json\/wp\/v2\/types\/page"}],"author":[{"embeddable":true,"href":"https:\/\/www.contradaguido.it\/es\/wp-json\/wp\/v2\/users\/1"}],"replies":[{"embeddable":true,"href":"https:\/\/www.contradaguido.it\/es\/wp-json\/wp\/v2\/comments?post=18395"}],"version-history":[{"count":0,"href":"https:\/\/www.contradaguido.it\/es\/wp-json\/wp\/v2\/pages\/18395\/revisions"}],"wp:attachment":[{"href":"https:\/\/www.contradaguido.it\/es\/wp-json\/wp\/v2\/media?parent=18395"}],"curies":[{"name":"wp","href":"https:\/\/api.w.org\/{rel}","templated":true}]}}