{"id":19800,"date":"2021-02-23T19:16:12","date_gmt":"2021-02-23T18:16:12","guid":{"rendered":"https:\/\/www.contradaguido.it\/felice2\/"},"modified":"2021-03-03T11:40:33","modified_gmt":"2021-03-03T10:40:33","slug":"felice2","status":"publish","type":"page","link":"https:\/\/www.contradaguido.it\/de\/felice2\/","title":{"rendered":"Felice 2"},"content":{"rendered":"[vc_row type=&#8220;in_container&#8220; full_screen_row_position=&#8220;middle&#8220; scene_position=&#8220;center&#8220; text_color=&#8220;dark&#8220; text_align=&#8220;left&#8220; overlay_strength=&#8220;0.3&#8243; shape_divider_position=&#8220;bottom&#8220;][vc_column column_padding=&#8220;no-extra-padding&#8220; column_padding_position=&#8220;all&#8220; background_color_opacity=&#8220;1&#8243; background_hover_color_opacity=&#8220;1&#8243; column_shadow=&#8220;none&#8220; column_border_radius=&#8220;none&#8220; width=&#8220;1\/1&#8243; tablet_text_alignment=&#8220;default&#8220; phone_text_alignment=&#8220;default&#8220; column_border_width=&#8220;none&#8220; column_border_style=&#8220;solid&#8220;][image_with_animation image_url=&#8220;19722&#8243; alignment=&#8220;&#8220; animation=&#8220;Fade In&#8220; border_radius=&#8220;none&#8220; box_shadow=&#8220;none&#8220; max_width=&#8220;100%&#8220;][vc_column_text]\n<h2>Casa Felice 2<\/h2>\n<p>die Wohnung befindet sich im ersten und zweiten Stock (steile Steintreppe) eines Bauernhauses, das nicht Teil der Hauptstruktur ist und sich \u00fcber Casa Felice 1 befindet; sie hat einen unabh\u00e4ngigen Eingang und einen fu\u00dfl\u00e4ufigen Zugang zum Schwimmbad. Es besteht aus einem Esszimmer mit K\u00fcchenzeile, einem Sofa und einem Badezimmer, zwei Doppelzimmern mit eigenem Bad und einem Vierbettzimmer (mit einem Doppelbett und zwei Einzelbetten) mit eigenem Bad. Das Vierbettzimmer befindet sich im Dachgeschoss mit Parkettboden und es gibt eine perfekte Schallisolierung zwischen den beiden Etagen. Das Haus hat einen Parkplatz.<\/p>\n<p>Die verf\u00fcgbaren Betten in casa Felice 2 sind 6+2<\/p>\n<ul>\n<li>Das Schwimmbad, die Tischtennisplatte und die Fu\u00dfball- und Volleyballfelder werden mit den anderen G\u00e4sten von Contrada Guido geteilt<\/li>\n<li>Das Meer ist 1,5 km entfernt (privater Zugang zu unserem nicht ausgestatteten Strand oder zum ausgestatteten Strandbad gegen Geb\u00fchr)<\/li>\n<li>Der erste Supermarkt und Kiosk sind 500 m entfernt<\/li>\n<li>Die Erstreinigung ist im Preis inbegriffen, der t\u00e4gliche Reinigungsservice ist kostenpflichtig<\/li>\n<li>Transferdienste zum und vom Bahnhof oder Flughafen sind m\u00f6glich und kostenpflichtig<\/li>\n<li>Es ist m\u00f6glich, auf Anfrage und gegen Bezahlung ein Abendessen mit einem Koch zu organisieren<\/li>\n<li>F\u00fcr das ruhige Leben aller bitten wir unsere G\u00e4ste, vor 8 Uhr, von 14 bis 16 Uhr und nach 23 Uhr keinen L\u00e4rm zu machen<\/li>\n<\/ul>\n[\/vc_column_text][\/vc_column][\/vc_row][vc_row type=&#8220;in_container&#8220; full_screen_row_position=&#8220;middle&#8220; scene_position=&#8220;center&#8220; text_color=&#8220;dark&#8220; text_align=&#8220;left&#8220; disable_element=&#8220;yes&#8220; overlay_strength=&#8220;0.3&#8243; shape_divider_position=&#8220;bottom&#8220; shape_type=&#8220;&#8220;][vc_column column_padding=&#8220;no-extra-padding&#8220; column_padding_position=&#8220;all&#8220; background_color_opacity=&#8220;1&#8243; background_hover_color_opacity=&#8220;1&#8243; column_shadow=&#8220;none&#8220; column_border_radius=&#8220;none&#8220; width=&#8220;1\/3&#8243; tablet_text_alignment=&#8220;default&#8220; phone_text_alignment=&#8220;default&#8220; column_border_width=&#8220;none&#8220; column_border_style=&#8220;solid&#8220;][image_with_animation image_url=&#8220;19574&#8243; alignment=&#8220;&#8220; animation=&#8220;Fade In&#8220; border_radius=&#8220;none&#8220; box_shadow=&#8220;none&#8220; max_width=&#8220;100%&#8220;][vc_column_text css=&#8220;.vc_custom_1614011174618{margin-top: -15px !important;margin-bottom: 20px !important;}&#8220;]Casa Carlotta[\/vc_column_text][\/vc_column][vc_column column_padding=&#8220;no-extra-padding&#8220; column_padding_position=&#8220;all&#8220; background_color_opacity=&#8220;1&#8243; background_hover_color_opacity=&#8220;1&#8243; column_shadow=&#8220;none&#8220; column_border_radius=&#8220;none&#8220; width=&#8220;1\/3&#8243; tablet_text_alignment=&#8220;default&#8220; phone_text_alignment=&#8220;default&#8220; column_border_width=&#8220;none&#8220; column_border_style=&#8220;solid&#8220;][image_with_animation image_url=&#8220;19578&#8243; alignment=&#8220;&#8220; animation=&#8220;Fade In&#8220; border_radius=&#8220;none&#8220; box_shadow=&#8220;none&#8220; max_width=&#8220;100%&#8220;][vc_column_text css=&#8220;.vc_custom_1614011232055{margin-top: -15px !important;margin-bottom: 20px !important;}&#8220;]Casa Carlotta, salone grande[\/vc_column_text][\/vc_column][vc_column column_padding=&#8220;no-extra-padding&#8220; column_padding_position=&#8220;all&#8220; background_color_opacity=&#8220;1&#8243; background_hover_color_opacity=&#8220;1&#8243; column_shadow=&#8220;none&#8220; column_border_radius=&#8220;none&#8220; width=&#8220;1\/3&#8243; tablet_text_alignment=&#8220;default&#8220; phone_text_alignment=&#8220;default&#8220; column_border_width=&#8220;none&#8220; column_border_style=&#8220;solid&#8220;][image_with_animation image_url=&#8220;19579&#8243; alignment=&#8220;&#8220; animation=&#8220;Fade In&#8220; border_radius=&#8220;none&#8220; box_shadow=&#8220;none&#8220; max_width=&#8220;100%&#8220;][vc_column_text css=&#8220;.vc_custom_1614011251203{margin-top: -15px !important;margin-bottom: 20px !important;}&#8220;]Casa Carlotta, salone grande[\/vc_column_text][\/vc_column][\/vc_row][vc_row type=&#8220;in_container&#8220; full_screen_row_position=&#8220;middle&#8220; scene_position=&#8220;center&#8220; text_color=&#8220;dark&#8220; text_align=&#8220;left&#8220; overlay_strength=&#8220;0.3&#8243; shape_divider_position=&#8220;bottom&#8220;][vc_column column_padding=&#8220;no-extra-padding&#8220; column_padding_position=&#8220;all&#8220; background_color_opacity=&#8220;1&#8243; background_hover_color_opacity=&#8220;1&#8243; column_shadow=&#8220;none&#8220; column_border_radius=&#8220;none&#8220; width=&#8220;1\/1&#8243; tablet_text_alignment=&#8220;default&#8220; phone_text_alignment=&#8220;default&#8220; column_border_width=&#8220;none&#8220; column_border_style=&#8220;solid&#8220;][vc_column_text]\n<hr \/>\n[\/vc_column_text][\/vc_column][\/vc_row][vc_row type=&#8220;in_container&#8220; full_screen_row_position=&#8220;middle&#8220; scene_position=&#8220;center&#8220; text_color=&#8220;dark&#8220; text_align=&#8220;left&#8220; overlay_strength=&#8220;0.3&#8243; shape_divider_position=&#8220;bottom&#8220;][vc_column column_padding=&#8220;no-extra-padding&#8220; column_padding_position=&#8220;all&#8220; background_color_opacity=&#8220;1&#8243; background_hover_color_opacity=&#8220;1&#8243; column_shadow=&#8220;none&#8220; column_border_radius=&#8220;none&#8220; width=&#8220;1\/1&#8243; tablet_text_alignment=&#8220;default&#8220; phone_text_alignment=&#8220;default&#8220; column_border_width=&#8220;none&#8220; column_border_style=&#8220;solid&#8220;][vc_gallery type=&#8220;image_grid&#8220; images=&#8220;19567,19566,19562,19561,19747,19564,19558,19557,19552,19547&#8243; layout=&#8220;3&#8243; gallery_style=&#8220;1&#8243; load_in_animation=&#8220;none&#8220;][\/vc_column][\/vc_row]\n","protected":false},"excerpt":{"rendered":"<p>[vc_row type=&#8220;in_container&#8220; full_screen_row_position=&#8220;middle&#8220; scene_position=&#8220;center&#8220; text_color=&#8220;dark&#8220; text_align=&#8220;left&#8220; overlay_strength=&#8220;0.3&#8243; shape_divider_position=&#8220;bottom&#8220;][vc_column column_padding=&#8220;no-extra-padding&#8220; column_padding_position=&#8220;all&#8220; background_color_opacity=&#8220;1&#8243; background_hover_color_opacity=&#8220;1&#8243; column_shadow=&#8220;none&#8220; column_border_radius=&#8220;none&#8220; width=&#8220;1\/1&#8243; tablet_text_alignment=&#8220;default&#8220; phone_text_alignment=&#8220;default&#8220; column_border_width=&#8220;none&#8220; column_border_style=&#8220;solid&#8220;][image_with_animation image_url=&#8220;19722&#8243; alignment=&#8220;&#8220; animation=&#8220;Fade In&#8220; border_radius=&#8220;none&#8220; box_shadow=&#8220;none&#8220; max_width=&#8220;100%&#8220;][vc_column_text] Casa Felice 2 die&#8230;<\/p>\n","protected":false},"author":2,"featured_media":0,"parent":0,"menu_order":0,"comment_status":"closed","ping_status":"closed","template":"","meta":{"footnotes":""},"class_list":["post-19800","page","type-page","status-publish"],"yoast_head":"<!-- This site is optimized with the Yoast SEO plugin v27.4 - https:\/\/yoast.com\/product\/yoast-seo-wordpress\/ -->\n<title>Felice 2 - Residenza Contrada Guido<\/title>\n<meta name=\"robots\" content=\"index, follow, max-snippet:-1, max-image-preview:large, max-video-preview:-1\" \/>\n<link rel=\"canonical\" href=\"https:\/\/www.contradaguido.it\/de\/felice2\/\" \/>\n<meta property=\"og:locale\" content=\"de_DE\" \/>\n<meta property=\"og:type\" content=\"article\" \/>\n<meta property=\"og:title\" content=\"Felice 2 - Residenza Contrada Guido\" \/>\n<meta property=\"og:description\" content=\"[vc_row type=&#8220;in_container&#8220; full_screen_row_position=&#8220;middle&#8220; scene_position=&#8220;center&#8220; text_color=&#8220;dark&#8220; text_align=&#8220;left&#8220; overlay_strength=&#8220;0.3&#8243; shape_divider_position=&#8220;bottom&#8220;][vc_column column_padding=&#8220;no-extra-padding&#8220; column_padding_position=&#8220;all&#8220; background_color_opacity=&#8220;1&#8243; background_hover_color_opacity=&#8220;1&#8243; column_shadow=&#8220;none&#8220; column_border_radius=&#8220;none&#8220; width=&#8220;1\/1&#8243; tablet_text_alignment=&#8220;default&#8220; phone_text_alignment=&#8220;default&#8220; column_border_width=&#8220;none&#8220; column_border_style=&#8220;solid&#8220;][image_with_animation image_url=&#8220;19722&#8243; alignment=&#8220;&#8220; animation=&#8220;Fade In&#8220; border_radius=&#8220;none&#8220; box_shadow=&#8220;none&#8220; max_width=&#8220;100%&#8220;][vc_column_text] Casa Felice 2 die...\" \/>\n<meta property=\"og:url\" content=\"https:\/\/www.contradaguido.it\/de\/felice2\/\" \/>\n<meta property=\"og:site_name\" content=\"Residenza Contrada Guido\" \/>\n<meta property=\"article:modified_time\" content=\"2021-03-03T10:40:33+00:00\" \/>\n<meta name=\"twitter:card\" content=\"summary_large_image\" \/>\n<meta name=\"twitter:label1\" content=\"Gesch\u00e4tzte Lesezeit\" \/>\n\t<meta name=\"twitter:data1\" content=\"2\u00a0Minuten\" \/>\n<script type=\"application\/ld+json\" class=\"yoast-schema-graph\">{\"@context\":\"https:\\\/\\\/schema.org\",\"@graph\":[{\"@type\":\"WebPage\",\"@id\":\"https:\\\/\\\/www.contradaguido.it\\\/de\\\/felice2\\\/\",\"url\":\"https:\\\/\\\/www.contradaguido.it\\\/de\\\/felice2\\\/\",\"name\":\"Felice 2 - Residenza Contrada Guido\",\"isPartOf\":{\"@id\":\"https:\\\/\\\/www.contradaguido.it\\\/en\\\/#website\"},\"datePublished\":\"2021-02-23T18:16:12+00:00\",\"dateModified\":\"2021-03-03T10:40:33+00:00\",\"breadcrumb\":{\"@id\":\"https:\\\/\\\/www.contradaguido.it\\\/de\\\/felice2\\\/#breadcrumb\"},\"inLanguage\":\"de\",\"potentialAction\":[{\"@type\":\"ReadAction\",\"target\":[\"https:\\\/\\\/www.contradaguido.it\\\/de\\\/felice2\\\/\"]}]},{\"@type\":\"BreadcrumbList\",\"@id\":\"https:\\\/\\\/www.contradaguido.it\\\/de\\\/felice2\\\/#breadcrumb\",\"itemListElement\":[{\"@type\":\"ListItem\",\"position\":1,\"name\":\"Home\",\"item\":\"https:\\\/\\\/www.contradaguido.it\\\/de\\\/\"},{\"@type\":\"ListItem\",\"position\":2,\"name\":\"Felice 2\"}]},{\"@type\":\"WebSite\",\"@id\":\"https:\\\/\\\/www.contradaguido.it\\\/en\\\/#website\",\"url\":\"https:\\\/\\\/www.contradaguido.it\\\/en\\\/\",\"name\":\"Residenza Contrada Guido\",\"description\":\"\",\"potentialAction\":[{\"@type\":\"SearchAction\",\"target\":{\"@type\":\"EntryPoint\",\"urlTemplate\":\"https:\\\/\\\/www.contradaguido.it\\\/en\\\/?s={search_term_string}\"},\"query-input\":{\"@type\":\"PropertyValueSpecification\",\"valueRequired\":true,\"valueName\":\"search_term_string\"}}],\"inLanguage\":\"de\"}]}<\/script>\n<!-- \/ Yoast SEO plugin. -->","yoast_head_json":{"title":"Felice 2 - Residenza Contrada Guido","robots":{"index":"index","follow":"follow","max-snippet":"max-snippet:-1","max-image-preview":"max-image-preview:large","max-video-preview":"max-video-preview:-1"},"canonical":"https:\/\/www.contradaguido.it\/de\/felice2\/","og_locale":"de_DE","og_type":"article","og_title":"Felice 2 - Residenza Contrada Guido","og_description":"[vc_row type=&#8220;in_container&#8220; full_screen_row_position=&#8220;middle&#8220; scene_position=&#8220;center&#8220; text_color=&#8220;dark&#8220; text_align=&#8220;left&#8220; overlay_strength=&#8220;0.3&#8243; shape_divider_position=&#8220;bottom&#8220;][vc_column column_padding=&#8220;no-extra-padding&#8220; column_padding_position=&#8220;all&#8220; background_color_opacity=&#8220;1&#8243; background_hover_color_opacity=&#8220;1&#8243; column_shadow=&#8220;none&#8220; column_border_radius=&#8220;none&#8220; width=&#8220;1\/1&#8243; tablet_text_alignment=&#8220;default&#8220; phone_text_alignment=&#8220;default&#8220; column_border_width=&#8220;none&#8220; column_border_style=&#8220;solid&#8220;][image_with_animation image_url=&#8220;19722&#8243; alignment=&#8220;&#8220; animation=&#8220;Fade In&#8220; border_radius=&#8220;none&#8220; box_shadow=&#8220;none&#8220; max_width=&#8220;100%&#8220;][vc_column_text] Casa Felice 2 die...","og_url":"https:\/\/www.contradaguido.it\/de\/felice2\/","og_site_name":"Residenza Contrada Guido","article_modified_time":"2021-03-03T10:40:33+00:00","twitter_card":"summary_large_image","twitter_misc":{"Gesch\u00e4tzte Lesezeit":"2\u00a0Minuten"},"schema":{"@context":"https:\/\/schema.org","@graph":[{"@type":"WebPage","@id":"https:\/\/www.contradaguido.it\/de\/felice2\/","url":"https:\/\/www.contradaguido.it\/de\/felice2\/","name":"Felice 2 - Residenza Contrada Guido","isPartOf":{"@id":"https:\/\/www.contradaguido.it\/en\/#website"},"datePublished":"2021-02-23T18:16:12+00:00","dateModified":"2021-03-03T10:40:33+00:00","breadcrumb":{"@id":"https:\/\/www.contradaguido.it\/de\/felice2\/#breadcrumb"},"inLanguage":"de","potentialAction":[{"@type":"ReadAction","target":["https:\/\/www.contradaguido.it\/de\/felice2\/"]}]},{"@type":"BreadcrumbList","@id":"https:\/\/www.contradaguido.it\/de\/felice2\/#breadcrumb","itemListElement":[{"@type":"ListItem","position":1,"name":"Home","item":"https:\/\/www.contradaguido.it\/de\/"},{"@type":"ListItem","position":2,"name":"Felice 2"}]},{"@type":"WebSite","@id":"https:\/\/www.contradaguido.it\/en\/#website","url":"https:\/\/www.contradaguido.it\/en\/","name":"Residenza Contrada Guido","description":"","potentialAction":[{"@type":"SearchAction","target":{"@type":"EntryPoint","urlTemplate":"https:\/\/www.contradaguido.it\/en\/?s={search_term_string}"},"query-input":{"@type":"PropertyValueSpecification","valueRequired":true,"valueName":"search_term_string"}}],"inLanguage":"de"}]}},"_links":{"self":[{"href":"https:\/\/www.contradaguido.it\/de\/wp-json\/wp\/v2\/pages\/19800","targetHints":{"allow":["GET"]}}],"collection":[{"href":"https:\/\/www.contradaguido.it\/de\/wp-json\/wp\/v2\/pages"}],"about":[{"href":"https:\/\/www.contradaguido.it\/de\/wp-json\/wp\/v2\/types\/page"}],"author":[{"embeddable":true,"href":"https:\/\/www.contradaguido.it\/de\/wp-json\/wp\/v2\/users\/2"}],"replies":[{"embeddable":true,"href":"https:\/\/www.contradaguido.it\/de\/wp-json\/wp\/v2\/comments?post=19800"}],"version-history":[{"count":0,"href":"https:\/\/www.contradaguido.it\/de\/wp-json\/wp\/v2\/pages\/19800\/revisions"}],"wp:attachment":[{"href":"https:\/\/www.contradaguido.it\/de\/wp-json\/wp\/v2\/media?parent=19800"}],"curies":[{"name":"wp","href":"https:\/\/api.w.org\/{rel}","templated":true}]}}