{"id":18239,"date":"2017-04-12T13:53:51","date_gmt":"2017-04-12T11:53:51","guid":{"rendered":"http:\/\/contradaguido.it\/agriturismo\/"},"modified":"2021-06-24T16:38:48","modified_gmt":"2021-06-24T14:38:48","slug":"agriturismus","status":"publish","type":"page","link":"https:\/\/www.contradaguido.it\/de\/agriturismus\/","title":{"rendered":"Agriturismus"},"content":{"rendered":"[fusion_builder_container admin_label=&#8220;&#8220; hundred_percent=&#8220;no&#8220; equal_height_columns=&#8220;no&#8220; menu_anchor=&#8220;&#8220; hide_on_mobile=&#8220;small-visibility,medium-visibility,large-visibility&#8220; class=&#8220;&#8220; id=&#8220;&#8220; background_color=&#8220;&#8220; background_image=&#8220;&#8220; background_position=&#8220;center center&#8220; background_repeat=&#8220;no-repeat&#8220; fade=&#8220;no&#8220; background_parallax=&#8220;none&#8220; enable_mobile=&#8220;no&#8220; parallax_speed=&#8220;0.3&#8243; video_mp4=&#8220;&#8220; video_webm=&#8220;&#8220; video_ogv=&#8220;&#8220; video_url=&#8220;&#8220; video_aspect_ratio=&#8220;16:9&#8243; video_loop=&#8220;yes&#8220; video_mute=&#8220;yes&#8220; video_preview_image=&#8220;&#8220; border_size=&#8220;&#8220; border_color=&#8220;&#8220; border_style=&#8220;solid&#8220; margin_top=&#8220;&#8220; margin_bottom=&#8220;&#8220; padding_top=&#8220;80px&#8220; padding_right=&#8220;&#8220; padding_bottom=&#8220;80px&#8220; padding_left=&#8220;&#8220;][fusion_builder_row][fusion_builder_column type=&#8220;1_1&#8243; layout=&#8220;1_1&#8243; spacing=&#8220;yes&#8220; center_content=&#8220;no&#8220; hover_type=&#8220;none&#8220; link=&#8220;&#8220; min_height=&#8220;&#8220; hide_on_mobile=&#8220;small-visibility,medium-visibility,large-visibility&#8220; class=&#8220;&#8220; id=&#8220;&#8220; background_color=&#8220;&#8220; background_image=&#8220;&#8220; background_position=&#8220;left top&#8220; undefined=&#8220;&#8220; background_repeat=&#8220;no-repeat&#8220; border_size=&#8220;0&#8243; border_color=&#8220;&#8220; border_style=&#8220;solid&#8220; border_position=&#8220;all&#8220; padding_top=&#8220;&#8220; padding_right=&#8220;&#8220; padding_bottom=&#8220;&#8220; padding_left=&#8220;&#8220; margin_top=&#8220;&#8220; margin_bottom=&#8220;&#8220; animation_type=&#8220;&#8220; animation_direction=&#8220;left&#8220; animation_speed=&#8220;0.3&#8243; animation_offset=&#8220;&#8220; last=&#8220;no&#8220;][fusion_title margin_top=&#8220;&#8220; margin_bottom=&#8220;&#8220; hide_on_mobile=&#8220;small-visibility,medium-visibility,large-visibility&#8220; class=&#8220;&#8220; id=&#8220;&#8220; size=&#8220;2&#8243; content_align=&#8220;center&#8220; style_type=&#8220;none&#8220; sep_color=&#8220;&#8220;]\n<p>Residenz Contrada Guido<\/p>\n[\/fusion_title][fusion_separator style_type=&#8220;single solid&#8220; hide_on_mobile=&#8220;small-visibility,medium-visibility,large-visibility&#8220; class=&#8220;&#8220; id=&#8220;&#8220; sep_color=&#8220;#89a79f&#8220; top_margin=&#8220;&#8220; bottom_margin=&#8220;40&#8243; border_size=&#8220;3&#8243; icon=&#8220;&#8220; icon_circle=&#8220;&#8220; icon_circle_color=&#8220;&#8220; width=&#8220;175px&#8220; alignment=&#8220;center&#8220; \/][fusion_text]\n<p class=\"testo\" style=\"text-align: center;\">Contrada Guido erhebt sich mitten in einer Farm von 44 Hektar, deren Hauptanbausorten sind Citrus und Oliven. Die Eigenschaft, die aus einem Haupthaus und zwei separaten Geb\u00e4uden besteht, befindet sich ca. 1500 Meter von einem wundersch\u00f6nen Privatstrand entfernt und liegt in der Mitte einem sehr gut gepflegten zehntausend Quadratmetern Garten.<\/p>\n<p class=\"testo\" style=\"text-align: center;\">Der ideale Ort zu entspannen, die Wunder dieser unber\u00fchrten K\u00fcstenabschnitt zu genie\u00dfen und die wundersch\u00f6nen Berge der Sila, die nur eine halbe Stunde Auto entfernt ist, zu besuchen.<\/p>\n[\/fusion_text][fusion_button link=&#8220;https:\/\/www.contradaguido.it\/de\/info-und-reservierungen\/&#8220; title=&#8220;prenotazioni&#8220; target=&#8220;_self&#8220; link_attributes=&#8220;&#8220; alignment=&#8220;center&#8220; modal=&#8220;&#8220; hide_on_mobile=&#8220;small-visibility,medium-visibility,large-visibility&#8220; class=&#8220;&#8220; id=&#8220;&#8220; color=&#8220;custom&#8220; button_gradient_top_color=&#8220;#87ac2d&#8220; button_gradient_bottom_color=&#8220;#87ac2d&#8220; button_gradient_top_color_hover=&#8220;#87ac2d&#8220; button_gradient_bottom_color_hover=&#8220;#87ac2d&#8220; accent_color=&#8220;&#8220; accent_hover_color=&#8220;&#8220; type=&#8220;&#8220; bevel_color=&#8220;&#8220; border_width=&#8220;&#8220; size=&#8220;&#8220; stretch=&#8220;default&#8220; shape=&#8220;&#8220; icon=&#8220;&#8220; icon_position=&#8220;left&#8220; icon_divider=&#8220;no&#8220; animation_type=&#8220;&#8220; animation_direction=&#8220;left&#8220; animation_speed=&#8220;0.3&#8243; animation_offset=&#8220;&#8220;]Info und reservierungen[\/fusion_button][\/fusion_builder_column][\/fusion_builder_row][\/fusion_builder_container][fusion_builder_container admin_label=&#8220;&#8220; hundred_percent=&#8220;no&#8220; equal_height_columns=&#8220;yes&#8220; menu_anchor=&#8220;&#8220; hide_on_mobile=&#8220;small-visibility,medium-visibility,large-visibility&#8220; class=&#8220;&#8220; id=&#8220;&#8220; background_color=&#8220;#f7f7f7&#8243; background_image=&#8220;&#8220; background_position=&#8220;center center&#8220; background_repeat=&#8220;no-repeat&#8220; fade=&#8220;no&#8220; background_parallax=&#8220;none&#8220; enable_mobile=&#8220;no&#8220; parallax_speed=&#8220;0.3&#8243; video_mp4=&#8220;&#8220; video_webm=&#8220;&#8220; video_ogv=&#8220;&#8220; video_url=&#8220;&#8220; video_aspect_ratio=&#8220;16:9&#8243; video_loop=&#8220;yes&#8220; video_mute=&#8220;yes&#8220; video_preview_image=&#8220;&#8220; border_size=&#8220;&#8220; border_color=&#8220;&#8220; border_style=&#8220;solid&#8220; margin_top=&#8220;0px&#8220; margin_bottom=&#8220;0px&#8220; padding_top=&#8220;80px&#8220; padding_right=&#8220;0px&#8220; padding_bottom=&#8220;80px&#8220; padding_left=&#8220;0px&#8220;][fusion_builder_row][fusion_builder_column type=&#8220;1_1&#8243; layout=&#8220;1_1&#8243; spacing=&#8220;yes&#8220; center_content=&#8220;no&#8220; hover_type=&#8220;none&#8220; link=&#8220;&#8220; min_height=&#8220;&#8220; hide_on_mobile=&#8220;small-visibility,medium-visibility,large-visibility&#8220; class=&#8220;&#8220; id=&#8220;&#8220; background_color=&#8220;&#8220; background_image=&#8220;&#8220; background_position=&#8220;left top&#8220; undefined=&#8220;&#8220; background_repeat=&#8220;no-repeat&#8220; border_size=&#8220;0&#8243; border_color=&#8220;&#8220; border_style=&#8220;solid&#8220; border_position=&#8220;all&#8220; padding_top=&#8220;&#8220; padding_right=&#8220;&#8220; padding_bottom=&#8220;&#8220; padding_left=&#8220;&#8220; margin_top=&#8220;&#8220; margin_bottom=&#8220;&#8220; animation_type=&#8220;&#8220; animation_direction=&#8220;left&#8220; animation_speed=&#8220;0.3&#8243; animation_offset=&#8220;&#8220; last=&#8220;no&#8220;][fusion_code]<div class=\"vls-gf-gallery vls-gf-18 vls-gf-style-light vls-gf-style-none\" data-vls-gf-layout='{\"layout_type\":\"metro\",\"column_count\":4,\"column_count_xs\":1,\"aspect_ratio\":1,\"horizontal_spacing\":12,\"vertical_spacing\":12,\"align_bottom\":false,\"pagination_type\":\"none\",\"page_size\":0}' data-vls-gf-settings='{\"pagination_type\":\"none\"}'><style type=\"text\/css\">.vls-gf-18 figure a{display:block;position:absolute;top:0;bottom:0;left:0;right:0;opacity:0;z-index:90;}.vls-gf-18 figure .vls-gf-overlay{position:absolute;background-color:rgba(255, 255, 255, 0.3);left:0;right:0;top:0;bottom:0;opacity:0;z-index:10;transition:opacity 600ms ease;}.vls-gf-18 figure:hover .vls-gf-overlay{opacity:1;}<\/style><div class=\"vls-gf-container\"><figure class=\"vls-gf-19 vls-gf-init vls-gf-lazy\" data-vls-gf-thumbnail-width=\"800\" data-vls-gf-thumbnail-height=\"600\"><a class=\"vls-gf-main\" href=\"http:\/\/contradaguido.it\/wp-content\/gf-uploads\/2017\/04\/5.jpg\" data-caption=\"\" data-description=\"\"><\/a><div class=\"vls-gf-img\"><img data-src=\"http:\/\/contradaguido.it\/wp-content\/gf-uploads\/2017\/04\/preview-m\/5-0.jpg?t=1492005789\" title=\"\"\/><\/div><div class=\"vls-gf-overlay\"><\/div><\/figure><figure class=\"vls-gf-20 vls-gf-init vls-gf-lazy\" data-vls-gf-thumbnail-width=\"800\" data-vls-gf-thumbnail-height=\"531\"><a class=\"vls-gf-main\" href=\"http:\/\/contradaguido.it\/wp-content\/gf-uploads\/2017\/04\/AJP_5132.jpg\" data-caption=\"\" data-description=\"\"><\/a><div class=\"vls-gf-img\"><img data-src=\"http:\/\/contradaguido.it\/wp-content\/gf-uploads\/2017\/04\/preview-m\/AJP_5132-0.jpg?t=1492005795\" title=\"\"\/><\/div><div class=\"vls-gf-overlay\"><\/div><\/figure><figure class=\"vls-gf-21 vls-gf-init vls-gf-lazy\" data-vls-gf-thumbnail-width=\"800\" data-vls-gf-thumbnail-height=\"531\"><a class=\"vls-gf-main\" href=\"http:\/\/contradaguido.it\/wp-content\/gf-uploads\/2017\/04\/AJP_5214.jpg\" data-caption=\"\" data-description=\"\"><\/a><div class=\"vls-gf-img\"><img data-src=\"http:\/\/contradaguido.it\/wp-content\/gf-uploads\/2017\/04\/preview-m\/AJP_5214-0.jpg?t=1492005801\" title=\"\"\/><\/div><div class=\"vls-gf-overlay\"><\/div><\/figure><figure class=\"vls-gf-22 vls-gf-init vls-gf-lazy\" data-vls-gf-thumbnail-width=\"800\" data-vls-gf-thumbnail-height=\"531\"><a class=\"vls-gf-main\" href=\"http:\/\/contradaguido.it\/wp-content\/gf-uploads\/2017\/04\/AJP_5216.jpg\" data-caption=\"\" data-description=\"\"><\/a><div class=\"vls-gf-img\"><img data-src=\"http:\/\/contradaguido.it\/wp-content\/gf-uploads\/2017\/04\/preview-m\/AJP_5216-0.jpg?t=1492005808\" title=\"\"\/><\/div><div class=\"vls-gf-overlay\"><\/div><\/figure><figure class=\"vls-gf-25 vls-gf-init vls-gf-lazy\" data-vls-gf-thumbnail-width=\"799\" data-vls-gf-thumbnail-height=\"600\"><a class=\"vls-gf-main\" href=\"http:\/\/contradaguido.it\/wp-content\/gf-uploads\/2017\/04\/casa.jpg\" data-caption=\"\" data-description=\"\"><\/a><div class=\"vls-gf-img\"><img data-src=\"http:\/\/contradaguido.it\/wp-content\/gf-uploads\/2017\/04\/preview-m\/casa-0.jpg?t=1492005827\" title=\"\"\/><\/div><div class=\"vls-gf-overlay\"><\/div><\/figure><figure class=\"vls-gf-26 vls-gf-init vls-gf-lazy\" data-vls-gf-thumbnail-width=\"800\" data-vls-gf-thumbnail-height=\"450\"><a class=\"vls-gf-main\" href=\"http:\/\/contradaguido.it\/wp-content\/gf-uploads\/2017\/04\/IMG_2231.jpg\" data-caption=\"\" data-description=\"\"><\/a><div class=\"vls-gf-img\"><img data-src=\"http:\/\/contradaguido.it\/wp-content\/gf-uploads\/2017\/04\/preview-m\/IMG_2231-0.jpg?t=1492005837\" title=\"\"\/><\/div><div class=\"vls-gf-overlay\"><\/div><\/figure><figure class=\"vls-gf-29 vls-gf-init vls-gf-lazy\" data-vls-gf-thumbnail-width=\"800\" data-vls-gf-thumbnail-height=\"450\"><a class=\"vls-gf-main\" href=\"http:\/\/contradaguido.it\/wp-content\/gf-uploads\/2017\/04\/IMG_2447.jpg\" data-caption=\"\" data-description=\"\"><\/a><div class=\"vls-gf-img\"><img data-src=\"http:\/\/contradaguido.it\/wp-content\/gf-uploads\/2017\/04\/preview-m\/IMG_2447-0.jpg?t=1492005863\" title=\"\"\/><\/div><div class=\"vls-gf-overlay\"><\/div><\/figure><figure class=\"vls-gf-30 vls-gf-init vls-gf-lazy\" data-vls-gf-thumbnail-width=\"800\" data-vls-gf-thumbnail-height=\"600\"><a class=\"vls-gf-main\" href=\"http:\/\/contradaguido.it\/wp-content\/gf-uploads\/2017\/04\/interno-casa-2.jpg\" data-caption=\"\" data-description=\"\"><\/a><div class=\"vls-gf-img\"><img data-src=\"http:\/\/contradaguido.it\/wp-content\/gf-uploads\/2017\/04\/preview-m\/interno-casa-2-0.jpg?t=1492005867\" title=\"\"\/><\/div><div class=\"vls-gf-overlay\"><\/div><\/figure><figure class=\"vls-gf-31 vls-gf-init vls-gf-lazy\" data-vls-gf-thumbnail-width=\"800\" data-vls-gf-thumbnail-height=\"600\"><a class=\"vls-gf-main\" href=\"http:\/\/contradaguido.it\/wp-content\/gf-uploads\/2017\/04\/interno-casa.jpg\" data-caption=\"\" data-description=\"\"><\/a><div class=\"vls-gf-img\"><img data-src=\"http:\/\/contradaguido.it\/wp-content\/gf-uploads\/2017\/04\/preview-m\/interno-casa-0.jpg?t=1492005871\" title=\"\"\/><\/div><div class=\"vls-gf-overlay\"><\/div><\/figure><figure class=\"vls-gf-33 vls-gf-init vls-gf-lazy\" data-vls-gf-thumbnail-width=\"800\" data-vls-gf-thumbnail-height=\"535\"><a class=\"vls-gf-main\" href=\"http:\/\/contradaguido.it\/wp-content\/gf-uploads\/2017\/04\/spiaggia-2.jpg\" data-caption=\"\" data-description=\"\"><\/a><div class=\"vls-gf-img\"><img data-src=\"http:\/\/contradaguido.it\/wp-content\/gf-uploads\/2017\/04\/preview-m\/spiaggia-2-0.jpg?t=1492005886\" title=\"\"\/><\/div><div class=\"vls-gf-overlay\"><\/div><\/figure><figure class=\"vls-gf-34 vls-gf-init vls-gf-lazy\" data-vls-gf-thumbnail-width=\"800\" data-vls-gf-thumbnail-height=\"535\"><a class=\"vls-gf-main\" href=\"http:\/\/contradaguido.it\/wp-content\/gf-uploads\/2017\/04\/spiaggia-3.jpg\" data-caption=\"\" data-description=\"\"><\/a><div class=\"vls-gf-img\"><img data-src=\"http:\/\/contradaguido.it\/wp-content\/gf-uploads\/2017\/04\/preview-m\/spiaggia-3-0.jpg?t=1492005893\" title=\"\"\/><\/div><div class=\"vls-gf-overlay\"><\/div><\/figure><figure class=\"vls-gf-35 vls-gf-init vls-gf-lazy\" data-vls-gf-thumbnail-width=\"800\" data-vls-gf-thumbnail-height=\"600\"><a class=\"vls-gf-main\" href=\"http:\/\/contradaguido.it\/wp-content\/gf-uploads\/2017\/04\/spiaggia.jpg\" data-caption=\"\" data-description=\"\"><\/a><div class=\"vls-gf-img\"><img data-src=\"http:\/\/contradaguido.it\/wp-content\/gf-uploads\/2017\/04\/preview-m\/spiaggia-0.jpg?t=1492005897\" title=\"\"\/><\/div><div class=\"vls-gf-overlay\"><\/div><\/figure><figure class=\"vls-gf-154 vls-gf-init vls-gf-lazy\" data-vls-gf-thumbnail-width=\"800\" data-vls-gf-thumbnail-height=\"450\"><a class=\"vls-gf-main\" href=\"https:\/\/www.contradaguido.it\/wp-content\/gf-uploads\/2020\/03\/Coltivazione-propria-Contrada-Guido-3.jpg\" data-caption=\"\" data-description=\"\"><\/a><div class=\"vls-gf-img\"><img data-src=\"https:\/\/www.staging4.contradaguido.it\/wp-content\/gf-uploads\/2020\/03\/preview-m\/Coltivazione-propria-Contrada-Guido-3-0.jpg?t=1584647718\" title=\"\"\/><\/div><div class=\"vls-gf-overlay\"><\/div><\/figure><figure class=\"vls-gf-156 vls-gf-init vls-gf-lazy\" data-vls-gf-thumbnail-width=\"800\" data-vls-gf-thumbnail-height=\"450\"><a class=\"vls-gf-main\" href=\"https:\/\/www.contradaguido.it\/wp-content\/gf-uploads\/2020\/03\/Area-esterna-2-Contrada-Guido-3.jpg\" data-caption=\"\" data-description=\"\"><\/a><div class=\"vls-gf-img\"><img data-src=\"https:\/\/www.staging4.contradaguido.it\/wp-content\/gf-uploads\/2020\/03\/preview-m\/Area-esterna-2-Contrada-Guido-3-0.jpg?t=1584647775\" title=\"\"\/><\/div><div class=\"vls-gf-overlay\"><\/div><\/figure><figure class=\"vls-gf-160 vls-gf-init vls-gf-lazy\" data-vls-gf-thumbnail-width=\"800\" data-vls-gf-thumbnail-height=\"450\"><a class=\"vls-gf-main\" href=\"https:\/\/www.contradaguido.it\/wp-content\/gf-uploads\/2020\/03\/Ragazzi-Contrada-Guido-2.jpg\" data-caption=\"\" data-description=\"\"><\/a><div class=\"vls-gf-img\"><img data-src=\"https:\/\/www.staging4.contradaguido.it\/wp-content\/gf-uploads\/2020\/03\/preview-m\/Ragazzi-Contrada-Guido-2-0.jpg?t=1584656468\" title=\"\"\/><\/div><div class=\"vls-gf-overlay\"><\/div><\/figure><\/div><\/div>[\/fusion_code][\/fusion_builder_column][\/fusion_builder_row][\/fusion_builder_container]\n","protected":false},"excerpt":{"rendered":"<p>[fusion_builder_container admin_label=&#8220;&#8220; hundred_percent=&#8220;no&#8220; equal_height_columns=&#8220;no&#8220; menu_anchor=&#8220;&#8220; hide_on_mobile=&#8220;small-visibility,medium-visibility,large-visibility&#8220; class=&#8220;&#8220; id=&#8220;&#8220; background_color=&#8220;&#8220; background_image=&#8220;&#8220; background_position=&#8220;center center&#8220; background_repeat=&#8220;no-repeat&#8220; fade=&#8220;no&#8220; background_parallax=&#8220;none&#8220; enable_mobile=&#8220;no&#8220; parallax_speed=&#8220;0.3&#8243; video_mp4=&#8220;&#8220; video_webm=&#8220;&#8220; video_ogv=&#8220;&#8220; video_url=&#8220;&#8220; video_aspect_ratio=&#8220;16:9&#8243; video_loop=&#8220;yes&#8220; video_mute=&#8220;yes&#8220; video_preview_image=&#8220;&#8220; border_size=&#8220;&#8220; border_color=&#8220;&#8220; border_style=&#8220;solid&#8220; margin_top=&#8220;&#8220; margin_bottom=&#8220;&#8220;&#8230;<\/p>\n","protected":false},"author":1,"featured_media":0,"parent":0,"menu_order":0,"comment_status":"closed","ping_status":"closed","template":"","meta":{"footnotes":""},"class_list":["post-18239","page","type-page","status-publish"],"yoast_head":"<!-- This site is optimized with the Yoast SEO plugin v27.5 - https:\/\/yoast.com\/product\/yoast-seo-wordpress\/ -->\n<title>Agriturismus - Residenza Contrada Guido<\/title>\n<meta name=\"robots\" content=\"index, follow, max-snippet:-1, max-image-preview:large, max-video-preview:-1\" \/>\n<link rel=\"canonical\" href=\"https:\/\/www.contradaguido.it\/de\/agriturismus\/\" \/>\n<meta property=\"og:locale\" content=\"de_DE\" \/>\n<meta property=\"og:type\" content=\"article\" \/>\n<meta property=\"og:title\" content=\"Agriturismus - Residenza Contrada Guido\" \/>\n<meta property=\"og:description\" content=\"[fusion_builder_container admin_label=&#8220;&#8220; hundred_percent=&#8220;no&#8220; equal_height_columns=&#8220;no&#8220; menu_anchor=&#8220;&#8220; hide_on_mobile=&#8220;small-visibility,medium-visibility,large-visibility&#8220; class=&#8220;&#8220; id=&#8220;&#8220; background_color=&#8220;&#8220; background_image=&#8220;&#8220; background_position=&#8220;center center&#8220; background_repeat=&#8220;no-repeat&#8220; fade=&#8220;no&#8220; background_parallax=&#8220;none&#8220; enable_mobile=&#8220;no&#8220; parallax_speed=&#8220;0.3&#8243; video_mp4=&#8220;&#8220; video_webm=&#8220;&#8220; video_ogv=&#8220;&#8220; video_url=&#8220;&#8220; video_aspect_ratio=&#8220;16:9&#8243; video_loop=&#8220;yes&#8220; video_mute=&#8220;yes&#8220; video_preview_image=&#8220;&#8220; border_size=&#8220;&#8220; border_color=&#8220;&#8220; border_style=&#8220;solid&#8220; margin_top=&#8220;&#8220; margin_bottom=&#8220;&#8220;...\" \/>\n<meta property=\"og:url\" content=\"https:\/\/www.contradaguido.it\/de\/agriturismus\/\" \/>\n<meta property=\"og:site_name\" content=\"Residenza Contrada Guido\" \/>\n<meta property=\"article:modified_time\" content=\"2021-06-24T14:38:48+00:00\" \/>\n<meta name=\"twitter:card\" content=\"summary_large_image\" \/>\n<meta name=\"twitter:label1\" content=\"Gesch\u00e4tzte Lesezeit\" \/>\n\t<meta name=\"twitter:data1\" content=\"3\u00a0Minuten\" \/>\n<script type=\"application\/ld+json\" class=\"yoast-schema-graph\">{\"@context\":\"https:\\\/\\\/schema.org\",\"@graph\":[{\"@type\":\"WebPage\",\"@id\":\"https:\\\/\\\/www.contradaguido.it\\\/de\\\/agriturismus\\\/\",\"url\":\"https:\\\/\\\/www.contradaguido.it\\\/de\\\/agriturismus\\\/\",\"name\":\"Agriturismus - Residenza Contrada Guido\",\"isPartOf\":{\"@id\":\"https:\\\/\\\/www.contradaguido.it\\\/en\\\/#website\"},\"datePublished\":\"2017-04-12T11:53:51+00:00\",\"dateModified\":\"2021-06-24T14:38:48+00:00\",\"breadcrumb\":{\"@id\":\"https:\\\/\\\/www.contradaguido.it\\\/de\\\/agriturismus\\\/#breadcrumb\"},\"inLanguage\":\"de\",\"potentialAction\":[{\"@type\":\"ReadAction\",\"target\":[\"https:\\\/\\\/www.contradaguido.it\\\/de\\\/agriturismus\\\/\"]}]},{\"@type\":\"BreadcrumbList\",\"@id\":\"https:\\\/\\\/www.contradaguido.it\\\/de\\\/agriturismus\\\/#breadcrumb\",\"itemListElement\":[{\"@type\":\"ListItem\",\"position\":1,\"name\":\"Home\",\"item\":\"https:\\\/\\\/www.contradaguido.it\\\/de\\\/\"},{\"@type\":\"ListItem\",\"position\":2,\"name\":\"Agriturismus\"}]},{\"@type\":\"WebSite\",\"@id\":\"https:\\\/\\\/www.contradaguido.it\\\/en\\\/#website\",\"url\":\"https:\\\/\\\/www.contradaguido.it\\\/en\\\/\",\"name\":\"Residenza Contrada Guido\",\"description\":\"\",\"potentialAction\":[{\"@type\":\"SearchAction\",\"target\":{\"@type\":\"EntryPoint\",\"urlTemplate\":\"https:\\\/\\\/www.contradaguido.it\\\/en\\\/?s={search_term_string}\"},\"query-input\":{\"@type\":\"PropertyValueSpecification\",\"valueRequired\":true,\"valueName\":\"search_term_string\"}}],\"inLanguage\":\"de\"}]}<\/script>\n<!-- \/ Yoast SEO plugin. -->","yoast_head_json":{"title":"Agriturismus - Residenza Contrada Guido","robots":{"index":"index","follow":"follow","max-snippet":"max-snippet:-1","max-image-preview":"max-image-preview:large","max-video-preview":"max-video-preview:-1"},"canonical":"https:\/\/www.contradaguido.it\/de\/agriturismus\/","og_locale":"de_DE","og_type":"article","og_title":"Agriturismus - Residenza Contrada Guido","og_description":"[fusion_builder_container admin_label=&#8220;&#8220; hundred_percent=&#8220;no&#8220; equal_height_columns=&#8220;no&#8220; menu_anchor=&#8220;&#8220; hide_on_mobile=&#8220;small-visibility,medium-visibility,large-visibility&#8220; class=&#8220;&#8220; id=&#8220;&#8220; background_color=&#8220;&#8220; background_image=&#8220;&#8220; background_position=&#8220;center center&#8220; background_repeat=&#8220;no-repeat&#8220; fade=&#8220;no&#8220; background_parallax=&#8220;none&#8220; enable_mobile=&#8220;no&#8220; parallax_speed=&#8220;0.3&#8243; video_mp4=&#8220;&#8220; video_webm=&#8220;&#8220; video_ogv=&#8220;&#8220; video_url=&#8220;&#8220; video_aspect_ratio=&#8220;16:9&#8243; video_loop=&#8220;yes&#8220; video_mute=&#8220;yes&#8220; video_preview_image=&#8220;&#8220; border_size=&#8220;&#8220; border_color=&#8220;&#8220; border_style=&#8220;solid&#8220; margin_top=&#8220;&#8220; margin_bottom=&#8220;&#8220;...","og_url":"https:\/\/www.contradaguido.it\/de\/agriturismus\/","og_site_name":"Residenza Contrada Guido","article_modified_time":"2021-06-24T14:38:48+00:00","twitter_card":"summary_large_image","twitter_misc":{"Gesch\u00e4tzte Lesezeit":"3\u00a0Minuten"},"schema":{"@context":"https:\/\/schema.org","@graph":[{"@type":"WebPage","@id":"https:\/\/www.contradaguido.it\/de\/agriturismus\/","url":"https:\/\/www.contradaguido.it\/de\/agriturismus\/","name":"Agriturismus - Residenza Contrada Guido","isPartOf":{"@id":"https:\/\/www.contradaguido.it\/en\/#website"},"datePublished":"2017-04-12T11:53:51+00:00","dateModified":"2021-06-24T14:38:48+00:00","breadcrumb":{"@id":"https:\/\/www.contradaguido.it\/de\/agriturismus\/#breadcrumb"},"inLanguage":"de","potentialAction":[{"@type":"ReadAction","target":["https:\/\/www.contradaguido.it\/de\/agriturismus\/"]}]},{"@type":"BreadcrumbList","@id":"https:\/\/www.contradaguido.it\/de\/agriturismus\/#breadcrumb","itemListElement":[{"@type":"ListItem","position":1,"name":"Home","item":"https:\/\/www.contradaguido.it\/de\/"},{"@type":"ListItem","position":2,"name":"Agriturismus"}]},{"@type":"WebSite","@id":"https:\/\/www.contradaguido.it\/en\/#website","url":"https:\/\/www.contradaguido.it\/en\/","name":"Residenza Contrada Guido","description":"","potentialAction":[{"@type":"SearchAction","target":{"@type":"EntryPoint","urlTemplate":"https:\/\/www.contradaguido.it\/en\/?s={search_term_string}"},"query-input":{"@type":"PropertyValueSpecification","valueRequired":true,"valueName":"search_term_string"}}],"inLanguage":"de"}]}},"_links":{"self":[{"href":"https:\/\/www.contradaguido.it\/de\/wp-json\/wp\/v2\/pages\/18239","targetHints":{"allow":["GET"]}}],"collection":[{"href":"https:\/\/www.contradaguido.it\/de\/wp-json\/wp\/v2\/pages"}],"about":[{"href":"https:\/\/www.contradaguido.it\/de\/wp-json\/wp\/v2\/types\/page"}],"author":[{"embeddable":true,"href":"https:\/\/www.contradaguido.it\/de\/wp-json\/wp\/v2\/users\/1"}],"replies":[{"embeddable":true,"href":"https:\/\/www.contradaguido.it\/de\/wp-json\/wp\/v2\/comments?post=18239"}],"version-history":[{"count":0,"href":"https:\/\/www.contradaguido.it\/de\/wp-json\/wp\/v2\/pages\/18239\/revisions"}],"wp:attachment":[{"href":"https:\/\/www.contradaguido.it\/de\/wp-json\/wp\/v2\/media?parent=18239"}],"curies":[{"name":"wp","href":"https:\/\/api.w.org\/{rel}","templated":true}]}}